





{"id":72009,"date":"2023-12-21T13:33:24","date_gmt":"2023-12-21T13:33:24","guid":{"rendered":"https:\/\/vims.pl\/product\/cry2624-ex-acoustic-camera\/"},"modified":"2024-02-23T13:42:30","modified_gmt":"2024-02-23T13:42:30","slug":"cry2624-ex-acoustic-camera","status":"publish","type":"product","link":"https:\/\/vims.pl\/en\/product\/cry2624-ex-acoustic-camera\/","title":{"rendered":"CRY2624 Ex acoustic camera"},"content":{"rendered":"<h2>CRY2624 Ex Acoustic Imager<\/h2>\n<p>&nbsp;<\/p>\n<p>Industrial acoustic cameras help quickly detect air, gas and vacuum leaks in process plants in noisy industrial environments, as well as detect faults in electrical equipment by measuring the degree of incomplete discharge (the CRY2620 basic model is designed only for gas leak detection). The incomplete discharge detection functionality additionally allows to indicate the type of discharge, while the leak detection functionality allows to estimate the type of gas leak and the value of incurred losses. The devices are housed in a rugged aluminum alloy housing, making them durable and resistant to complex and variable operating environments.<\/p>\n<p>In most cases, only two parameters need to be adjusted on the CRYSOUND devices to begin leak diagnostics: the test frequency range and the test dynamic range. The devices support acoustic camera mode, video mode and flexible on-site recording. Data is recorded in the device&#8217;s internal memory and on a high-capacity TF expansion card. Test results can be quickly exported and a corresponding report can be made.<\/p>\n<p>&nbsp;<\/p>\n<p><img decoding=\"async\" class=\" ls-is-cached lazyloaded\" src=\"https:\/\/rms-reliability.com\/wp-content\/uploads\/2023\/09\/Crysound-Model-Options.jpg\" alt=\"Crysound Model Options\" width=\"629\" height=\"347\" data-src=\"https:\/\/rms-reliability.com\/wp-content\/uploads\/2023\/09\/Crysound-Model-Options.jpg\" \/><\/p>\n<h3 class=\"x_MsoNormal\"><b>CRYSOUND CRY2624 Ex<\/b><\/h3>\n<h3><span id=\"Features\">Features<\/span><\/h3>\n<ul>\n<li style=\"list-style-type: none;\">\n<ul>\n<li>Ease of Use: Only two parameters (test frequency range and test dynamic range) need adjustment to begin detection.<\/li>\n<li>Functionality: Allows recording of test results with photos, audio, and video, which can be tagged directly within the imager.<\/li>\n<li>Efficiency: Features a high frame rate of 25 FPS and a wide 62\u00b0 field of view.<\/li>\n<li>Interference Resistance: Uses advanced anti-interference algorithms and an integrated focus function.<\/li>\n<li>128 MEMS versions come with a PRPD (Phase Resolved Partial Discharge) mapping function for early fault diagnosis of electrical systems.<\/li>\n<li>Intelligence: Detects gas leaks from a distance and estimates leak volume in real-time.<\/li>\n<li>Durability: Constructed from a robust aluminum alloy shell.<\/li>\n<li>Accuracy: Offers high leak detection rates and automatic distance calculation during leak detection.<\/li>\n<li>Specifications: Detailed acoustic, display, storage, software, power, interface, operating environment, and general specifications are provided.<\/li>\n<li>Supported Languages: English, French, Chinese, German, Italian, Japanese, Korean, Norwegian, Polish, Portuguese, Russian, Spanish, Swedish.<\/li>\n<\/ul>\n<\/li>\n<\/ul>\n<p>&nbsp;<\/p>\n<div class=\"video-container\"><iframe title=\"VIMS - Acoustic Imager: Break Through the Challenges of Gas Leak Inspection with SOUND\" data-src=\"https:\/\/www.youtube.com\/embed\/zMwg10kwchQ?feature=oembed&amp;enablejsapi=1&amp;origin=https:\/\/vims.pl\" width=\"1300\" height=\"731\" frameborder=\"0\" allowfullscreen=\"allowfullscreen\" data-lf-form-tracking-inspected-kn9eq4rdvoj8rlvp=\"true\" data-lf-yt-playback-inspected-kn9eq4rdvoj8rlvp=\"true\" data-lf-vimeo-playback-inspected-kn9eq4rdvoj8rlvp=\"true\" data-mce-fragment=\"1\" src=\"data:image\/svg+xml;base64,PHN2ZyB3aWR0aD0iMSIgaGVpZ2h0PSIxIiB4bWxucz0iaHR0cDovL3d3dy53My5vcmcvMjAwMC9zdmciPjwvc3ZnPg==\" class=\"lazyload\" data-load-mode=\"1\"><\/iframe><\/div>\n","protected":false},"excerpt":{"rendered":"<p><a href=\"https:\/\/vims.pl\/wp-content\/uploads\/2024\/02\/VIMS_CRYSOUND-KATALOG_EN.pdf\" target=\"_blank\" rel=\"noopener\">LEAFLET<\/a><\/p>\n<p><a href=\"https:\/\/vims.pl\/wp-content\/uploads\/2023\/12\/CRY2624-Datasheet_EN_v02_20231016.pdf\" target=\"_blank\" rel=\"noopener\">DATASHEET<\/a><\/p>\n","protected":false},"featured_media":71997,"comment_status":"closed","ping_status":"closed","template":"","meta":[],"product_brand":[],"product_cat":[664],"product_tag":[662],"class_list":{"0":"post-72009","1":"product","2":"type-product","3":"status-publish","4":"has-post-thumbnail","6":"product_cat-acoustic-imager","7":"product_tag-crysound-en","9":"first","10":"instock","11":"taxable","12":"shipping-taxable","13":"product-type-simple"},"yoast_head":"<!-- This site is optimized with the Yoast SEO plugin v25.6 - https:\/\/yoast.com\/wordpress\/plugins\/seo\/ -->\n<title>CRY2624 Ex acoustic camera | VIMS<\/title>\n<meta name=\"description\" content=\"Industrial acoustic cameras help quickly detect air, gas and vacuum leaks in process plants in noisy industrial environments, as well as detect faults in electrical equipment by measuring the degree of incomplete discharge.\" \/>\n<meta name=\"robots\" content=\"index, follow, max-snippet:-1, max-image-preview:large, max-video-preview:-1\" \/>\n<link rel=\"canonical\" href=\"https:\/\/vims.pl\/en\/product\/cry2624-ex-acoustic-camera\/\" \/>\n<meta property=\"og:locale\" content=\"en_US\" \/>\n<meta property=\"og:type\" content=\"article\" \/>\n<meta property=\"og:title\" content=\"CRY2624 Ex acoustic camera | VIMS\" \/>\n<meta property=\"og:description\" content=\"Industrial acoustic cameras help quickly detect air, gas and vacuum leaks in process plants in noisy industrial environments, as well as detect faults in electrical equipment by measuring the degree of incomplete discharge.\" \/>\n<meta property=\"og:url\" content=\"https:\/\/vims.pl\/en\/product\/cry2624-ex-acoustic-camera\/\" \/>\n<meta property=\"og:site_name\" content=\"VIMS\" \/>\n<meta property=\"article:publisher\" content=\"https:\/\/www.facebook.com\/VIMSVerifiedIndustrialMaintenanceSolutions\" \/>\n<meta property=\"article:modified_time\" content=\"2024-02-23T13:42:30+00:00\" \/>\n<meta property=\"og:image\" content=\"https:\/\/vims.pl\/wp-content\/uploads\/2023\/12\/kamera-akustyczna-crysound-cry2624.gif\" \/>\n\t<meta property=\"og:image:width\" content=\"740\" \/>\n\t<meta property=\"og:image:height\" content=\"600\" \/>\n\t<meta property=\"og:image:type\" content=\"image\/gif\" \/>\n<meta name=\"twitter:card\" content=\"summary_large_image\" \/>\n<meta name=\"twitter:label1\" content=\"Est. reading time\" \/>\n\t<meta name=\"twitter:data1\" content=\"2 minutes\" \/>\n<script type=\"application\/ld+json\" class=\"yoast-schema-graph\">{\"@context\":\"https:\/\/schema.org\",\"@graph\":[{\"@type\":\"WebPage\",\"@id\":\"https:\/\/vims.pl\/en\/product\/cry2624-ex-acoustic-camera\/\",\"url\":\"https:\/\/vims.pl\/en\/product\/cry2624-ex-acoustic-camera\/\",\"name\":\"CRY2624 Ex acoustic camera | VIMS\",\"isPartOf\":{\"@id\":\"https:\/\/vims.pl\/#website\"},\"primaryImageOfPage\":{\"@id\":\"https:\/\/vims.pl\/en\/product\/cry2624-ex-acoustic-camera\/#primaryimage\"},\"image\":{\"@id\":\"https:\/\/vims.pl\/en\/product\/cry2624-ex-acoustic-camera\/#primaryimage\"},\"thumbnailUrl\":\"https:\/\/vims.pl\/wp-content\/uploads\/2023\/12\/kamera-akustyczna-crysound-cry2624.gif\",\"datePublished\":\"2023-12-21T13:33:24+00:00\",\"dateModified\":\"2024-02-23T13:42:30+00:00\",\"description\":\"Industrial acoustic cameras help quickly detect air, gas and vacuum leaks in process plants in noisy industrial environments, as well as detect faults in electrical equipment by measuring the degree of incomplete discharge.\",\"breadcrumb\":{\"@id\":\"https:\/\/vims.pl\/en\/product\/cry2624-ex-acoustic-camera\/#breadcrumb\"},\"inLanguage\":\"en-US\",\"potentialAction\":[{\"@type\":\"ReadAction\",\"target\":[\"https:\/\/vims.pl\/en\/product\/cry2624-ex-acoustic-camera\/\"]}]},{\"@type\":\"ImageObject\",\"inLanguage\":\"en-US\",\"@id\":\"https:\/\/vims.pl\/en\/product\/cry2624-ex-acoustic-camera\/#primaryimage\",\"url\":\"https:\/\/vims.pl\/wp-content\/uploads\/2023\/12\/kamera-akustyczna-crysound-cry2624.gif\",\"contentUrl\":\"https:\/\/vims.pl\/wp-content\/uploads\/2023\/12\/kamera-akustyczna-crysound-cry2624.gif\",\"width\":740,\"height\":600,\"caption\":\"kamera akustyczna crysound cry2624, wykrywanie wyciek\u00f3w, ultrad\u017awi\u0119ki\"},{\"@type\":\"BreadcrumbList\",\"@id\":\"https:\/\/vims.pl\/en\/product\/cry2624-ex-acoustic-camera\/#breadcrumb\",\"itemListElement\":[{\"@type\":\"ListItem\",\"position\":1,\"name\":\"Home\",\"item\":\"https:\/\/vims.pl\/en\/nowy-test\/\"},{\"@type\":\"ListItem\",\"position\":2,\"name\":\"CRY2624 Ex acoustic camera\"}]},{\"@type\":\"WebSite\",\"@id\":\"https:\/\/vims.pl\/#website\",\"url\":\"https:\/\/vims.pl\/\",\"name\":\"VIMS - Verified Industrial Maintenance Solutions\",\"description\":\"Your Next Step in Asset Reliability\",\"publisher\":{\"@id\":\"https:\/\/vims.pl\/#organization\"},\"alternateName\":\"VIMS\",\"potentialAction\":[{\"@type\":\"SearchAction\",\"target\":{\"@type\":\"EntryPoint\",\"urlTemplate\":\"https:\/\/vims.pl\/?s={search_term_string}\"},\"query-input\":{\"@type\":\"PropertyValueSpecification\",\"valueRequired\":true,\"valueName\":\"search_term_string\"}}],\"inLanguage\":\"en-US\"},{\"@type\":\"Organization\",\"@id\":\"https:\/\/vims.pl\/#organization\",\"name\":\"VIMS - Verified Industrial Maintenance Solutions\",\"alternateName\":\"VIMS\",\"url\":\"https:\/\/vims.pl\/\",\"logo\":{\"@type\":\"ImageObject\",\"inLanguage\":\"en-US\",\"@id\":\"https:\/\/vims.pl\/#\/schema\/logo\/image\/\",\"url\":\"https:\/\/vims.pl\/wp-content\/uploads\/2024\/01\/vims-logo.png\",\"contentUrl\":\"https:\/\/vims.pl\/wp-content\/uploads\/2024\/01\/vims-logo.png\",\"width\":290,\"height\":117,\"caption\":\"VIMS - Verified Industrial Maintenance Solutions\"},\"image\":{\"@id\":\"https:\/\/vims.pl\/#\/schema\/logo\/image\/\"},\"sameAs\":[\"https:\/\/www.facebook.com\/VIMSVerifiedIndustrialMaintenanceSolutions\",\"https:\/\/www.linkedin.com\/company\/18007802\/\",\"https:\/\/www.youtube.com\/channel\/UCnG9WhNr7SKLKpy1yKLa_mw?view_as=subscriber\"]}]}<\/script>\n<!-- \/ Yoast SEO plugin. -->","yoast_head_json":{"title":"CRY2624 Ex acoustic camera | VIMS","description":"Industrial acoustic cameras help quickly detect air, gas and vacuum leaks in process plants in noisy industrial environments, as well as detect faults in electrical equipment by measuring the degree of incomplete discharge.","robots":{"index":"index","follow":"follow","max-snippet":"max-snippet:-1","max-image-preview":"max-image-preview:large","max-video-preview":"max-video-preview:-1"},"canonical":"https:\/\/vims.pl\/en\/product\/cry2624-ex-acoustic-camera\/","og_locale":"en_US","og_type":"article","og_title":"CRY2624 Ex acoustic camera | VIMS","og_description":"Industrial acoustic cameras help quickly detect air, gas and vacuum leaks in process plants in noisy industrial environments, as well as detect faults in electrical equipment by measuring the degree of incomplete discharge.","og_url":"https:\/\/vims.pl\/en\/product\/cry2624-ex-acoustic-camera\/","og_site_name":"VIMS","article_publisher":"https:\/\/www.facebook.com\/VIMSVerifiedIndustrialMaintenanceSolutions","article_modified_time":"2024-02-23T13:42:30+00:00","og_image":[{"width":740,"height":600,"url":"https:\/\/vims.pl\/wp-content\/uploads\/2023\/12\/kamera-akustyczna-crysound-cry2624.gif","type":"image\/gif"}],"twitter_card":"summary_large_image","twitter_misc":{"Est. reading time":"2 minutes"},"schema":{"@context":"https:\/\/schema.org","@graph":[{"@type":"WebPage","@id":"https:\/\/vims.pl\/en\/product\/cry2624-ex-acoustic-camera\/","url":"https:\/\/vims.pl\/en\/product\/cry2624-ex-acoustic-camera\/","name":"CRY2624 Ex acoustic camera | VIMS","isPartOf":{"@id":"https:\/\/vims.pl\/#website"},"primaryImageOfPage":{"@id":"https:\/\/vims.pl\/en\/product\/cry2624-ex-acoustic-camera\/#primaryimage"},"image":{"@id":"https:\/\/vims.pl\/en\/product\/cry2624-ex-acoustic-camera\/#primaryimage"},"thumbnailUrl":"https:\/\/vims.pl\/wp-content\/uploads\/2023\/12\/kamera-akustyczna-crysound-cry2624.gif","datePublished":"2023-12-21T13:33:24+00:00","dateModified":"2024-02-23T13:42:30+00:00","description":"Industrial acoustic cameras help quickly detect air, gas and vacuum leaks in process plants in noisy industrial environments, as well as detect faults in electrical equipment by measuring the degree of incomplete discharge.","breadcrumb":{"@id":"https:\/\/vims.pl\/en\/product\/cry2624-ex-acoustic-camera\/#breadcrumb"},"inLanguage":"en-US","potentialAction":[{"@type":"ReadAction","target":["https:\/\/vims.pl\/en\/product\/cry2624-ex-acoustic-camera\/"]}]},{"@type":"ImageObject","inLanguage":"en-US","@id":"https:\/\/vims.pl\/en\/product\/cry2624-ex-acoustic-camera\/#primaryimage","url":"https:\/\/vims.pl\/wp-content\/uploads\/2023\/12\/kamera-akustyczna-crysound-cry2624.gif","contentUrl":"https:\/\/vims.pl\/wp-content\/uploads\/2023\/12\/kamera-akustyczna-crysound-cry2624.gif","width":740,"height":600,"caption":"kamera akustyczna crysound cry2624, wykrywanie wyciek\u00f3w, ultrad\u017awi\u0119ki"},{"@type":"BreadcrumbList","@id":"https:\/\/vims.pl\/en\/product\/cry2624-ex-acoustic-camera\/#breadcrumb","itemListElement":[{"@type":"ListItem","position":1,"name":"Home","item":"https:\/\/vims.pl\/en\/nowy-test\/"},{"@type":"ListItem","position":2,"name":"CRY2624 Ex acoustic camera"}]},{"@type":"WebSite","@id":"https:\/\/vims.pl\/#website","url":"https:\/\/vims.pl\/","name":"VIMS - Verified Industrial Maintenance Solutions","description":"Your Next Step in Asset Reliability","publisher":{"@id":"https:\/\/vims.pl\/#organization"},"alternateName":"VIMS","potentialAction":[{"@type":"SearchAction","target":{"@type":"EntryPoint","urlTemplate":"https:\/\/vims.pl\/?s={search_term_string}"},"query-input":{"@type":"PropertyValueSpecification","valueRequired":true,"valueName":"search_term_string"}}],"inLanguage":"en-US"},{"@type":"Organization","@id":"https:\/\/vims.pl\/#organization","name":"VIMS - Verified Industrial Maintenance Solutions","alternateName":"VIMS","url":"https:\/\/vims.pl\/","logo":{"@type":"ImageObject","inLanguage":"en-US","@id":"https:\/\/vims.pl\/#\/schema\/logo\/image\/","url":"https:\/\/vims.pl\/wp-content\/uploads\/2024\/01\/vims-logo.png","contentUrl":"https:\/\/vims.pl\/wp-content\/uploads\/2024\/01\/vims-logo.png","width":290,"height":117,"caption":"VIMS - Verified Industrial Maintenance Solutions"},"image":{"@id":"https:\/\/vims.pl\/#\/schema\/logo\/image\/"},"sameAs":["https:\/\/www.facebook.com\/VIMSVerifiedIndustrialMaintenanceSolutions","https:\/\/www.linkedin.com\/company\/18007802\/","https:\/\/www.youtube.com\/channel\/UCnG9WhNr7SKLKpy1yKLa_mw?view_as=subscriber"]}]}},"_links":{"self":[{"href":"https:\/\/vims.pl\/en\/wp-json\/wp\/v2\/product\/72009","targetHints":{"allow":["GET"]}}],"collection":[{"href":"https:\/\/vims.pl\/en\/wp-json\/wp\/v2\/product"}],"about":[{"href":"https:\/\/vims.pl\/en\/wp-json\/wp\/v2\/types\/product"}],"replies":[{"embeddable":true,"href":"https:\/\/vims.pl\/en\/wp-json\/wp\/v2\/comments?post=72009"}],"wp:featuredmedia":[{"embeddable":true,"href":"https:\/\/vims.pl\/en\/wp-json\/wp\/v2\/media\/71997"}],"wp:attachment":[{"href":"https:\/\/vims.pl\/en\/wp-json\/wp\/v2\/media?parent=72009"}],"wp:term":[{"taxonomy":"product_brand","embeddable":true,"href":"https:\/\/vims.pl\/en\/wp-json\/wp\/v2\/product_brand?post=72009"},{"taxonomy":"product_cat","embeddable":true,"href":"https:\/\/vims.pl\/en\/wp-json\/wp\/v2\/product_cat?post=72009"},{"taxonomy":"product_tag","embeddable":true,"href":"https:\/\/vims.pl\/en\/wp-json\/wp\/v2\/product_tag?post=72009"}],"curies":[{"name":"wp","href":"https:\/\/api.w.org\/{rel}","templated":true}]}}