





{"id":71839,"date":"2023-09-27T08:16:20","date_gmt":"2023-09-27T08:16:20","guid":{"rendered":"https:\/\/vims.pl\/product\/calibration\/"},"modified":"2023-09-27T08:36:33","modified_gmt":"2023-09-27T08:36:33","slug":"calibration","status":"publish","type":"product","link":"https:\/\/vims.pl\/en\/product\/calibration\/","title":{"rendered":"Calibration"},"content":{"rendered":"<div>\n<p><span lang=\"en-GB\">To ensure the highest quality of services provided by <a href=\"https:\/\/vims.pl\/en\/product-tag\/adash\/\" target=\"_blank\" rel=\"noopener\">ADASH<\/a> vibration analyzers, we recommend calibrating the equipment within 2 years from purchasing the device.<\/span><br \/>\n<\/br><br \/>\n<span lang=\"en-GB\">The check is also recommended in case of suspected malfunctions of the measuring channels or a sudden strong impact such as dropping the analyzer onto a hard surface.<\/span><br \/>\n<\/br><\/br><br \/>\n&nbsp;<\/p>\n<p><span lang=\"en-GB\">Calibration is carried out in accordance with <strong>ISO 16063-21: 2003<\/strong>. It consists in determining the actual indication error and comparison with the limit error. If the indication is outside the permissible limits, we calibrate the device. Confirmation of the correct operation of the device is a certificate containing the measured indication deviation after calibration.<\/span><br \/>\n<\/br><br \/>\n<span lang=\"en-GB\">\u00a0<\/span><br \/>\n<\/br><\/br>\n<\/div>\n<p><span lang=\"en-GB\">Contact us if you want to calibrate your vibration analyzer: <a href=\"mailto:info@vims.pl\" target=\"_blank\" rel=\"noopener\">info@vims.pl<\/a><\/span><\/p>\n","protected":false},"excerpt":{"rendered":"<p>To ensure the highest quality of services provided by ADASH vibration analyzers, we recommend calibrating the equipment within 2 years from purchasing the device. The check is also recommended in case of suspected malfunctions of the measuring channels or a sudden strong impact such as&#8230;<\/p>\n","protected":false},"featured_media":70414,"comment_status":"closed","ping_status":"closed","template":"","meta":[],"product_brand":[],"product_cat":[582],"product_tag":[],"class_list":{"0":"post-71839","1":"product","2":"type-product","3":"status-publish","4":"has-post-thumbnail","6":"product_cat-services","8":"first","9":"instock","10":"taxable","11":"shipping-taxable","12":"product-type-simple"},"yoast_head":"<!-- This site is optimized with the Yoast SEO plugin v25.6 - https:\/\/yoast.com\/wordpress\/plugins\/seo\/ -->\n<title>Calibration | VIMS<\/title>\n<meta name=\"description\" content=\"To ensure the highest quality of services provided by ADASH vibration analyzers, we recommend calibrating the equipment within 2 years from purchasing the device.\" \/>\n<meta name=\"robots\" content=\"index, follow, max-snippet:-1, max-image-preview:large, max-video-preview:-1\" \/>\n<link rel=\"canonical\" href=\"https:\/\/vims.pl\/en\/product\/calibration\/\" \/>\n<meta property=\"og:locale\" content=\"en_US\" \/>\n<meta property=\"og:type\" content=\"article\" \/>\n<meta property=\"og:title\" content=\"Calibration | VIMS\" \/>\n<meta property=\"og:description\" content=\"To ensure the highest quality of services provided by ADASH vibration analyzers, we recommend calibrating the equipment within 2 years from purchasing the device.\" \/>\n<meta property=\"og:url\" content=\"https:\/\/vims.pl\/en\/product\/calibration\/\" \/>\n<meta property=\"og:site_name\" content=\"VIMS\" \/>\n<meta property=\"article:publisher\" content=\"https:\/\/www.facebook.com\/VIMSVerifiedIndustrialMaintenanceSolutions\" \/>\n<meta property=\"article:modified_time\" content=\"2023-09-27T08:36:33+00:00\" \/>\n<meta property=\"og:image\" content=\"https:\/\/vims.pl\/wp-content\/uploads\/2022\/10\/image.png\" \/>\n\t<meta property=\"og:image:width\" content=\"1280\" \/>\n\t<meta property=\"og:image:height\" content=\"682\" \/>\n\t<meta property=\"og:image:type\" content=\"image\/png\" \/>\n<meta name=\"twitter:card\" content=\"summary_large_image\" \/>\n<meta name=\"twitter:label1\" content=\"Est. reading time\" \/>\n\t<meta name=\"twitter:data1\" content=\"1 minute\" \/>\n<script type=\"application\/ld+json\" class=\"yoast-schema-graph\">{\"@context\":\"https:\/\/schema.org\",\"@graph\":[{\"@type\":\"WebPage\",\"@id\":\"https:\/\/vims.pl\/en\/product\/calibration\/\",\"url\":\"https:\/\/vims.pl\/en\/product\/calibration\/\",\"name\":\"Calibration | VIMS\",\"isPartOf\":{\"@id\":\"https:\/\/vims.pl\/#website\"},\"primaryImageOfPage\":{\"@id\":\"https:\/\/vims.pl\/en\/product\/calibration\/#primaryimage\"},\"image\":{\"@id\":\"https:\/\/vims.pl\/en\/product\/calibration\/#primaryimage\"},\"thumbnailUrl\":\"https:\/\/vims.pl\/wp-content\/uploads\/2022\/10\/image.png\",\"datePublished\":\"2023-09-27T08:16:20+00:00\",\"dateModified\":\"2023-09-27T08:36:33+00:00\",\"description\":\"To ensure the highest quality of services provided by ADASH vibration analyzers, we recommend calibrating the equipment within 2 years from purchasing the device.\",\"breadcrumb\":{\"@id\":\"https:\/\/vims.pl\/en\/product\/calibration\/#breadcrumb\"},\"inLanguage\":\"en-US\",\"potentialAction\":[{\"@type\":\"ReadAction\",\"target\":[\"https:\/\/vims.pl\/en\/product\/calibration\/\"]}]},{\"@type\":\"ImageObject\",\"inLanguage\":\"en-US\",\"@id\":\"https:\/\/vims.pl\/en\/product\/calibration\/#primaryimage\",\"url\":\"https:\/\/vims.pl\/wp-content\/uploads\/2022\/10\/image.png\",\"contentUrl\":\"https:\/\/vims.pl\/wp-content\/uploads\/2022\/10\/image.png\",\"width\":1280,\"height\":682,\"caption\":\"mierniki drga\u0144, analizatory drga\u0144, pomiar drga\u0144\"},{\"@type\":\"BreadcrumbList\",\"@id\":\"https:\/\/vims.pl\/en\/product\/calibration\/#breadcrumb\",\"itemListElement\":[{\"@type\":\"ListItem\",\"position\":1,\"name\":\"Home\",\"item\":\"https:\/\/vims.pl\/en\/nowy-test\/\"},{\"@type\":\"ListItem\",\"position\":2,\"name\":\"Calibration\"}]},{\"@type\":\"WebSite\",\"@id\":\"https:\/\/vims.pl\/#website\",\"url\":\"https:\/\/vims.pl\/\",\"name\":\"VIMS - Verified Industrial Maintenance Solutions\",\"description\":\"Your Next Step in Asset Reliability\",\"publisher\":{\"@id\":\"https:\/\/vims.pl\/#organization\"},\"alternateName\":\"VIMS\",\"potentialAction\":[{\"@type\":\"SearchAction\",\"target\":{\"@type\":\"EntryPoint\",\"urlTemplate\":\"https:\/\/vims.pl\/?s={search_term_string}\"},\"query-input\":{\"@type\":\"PropertyValueSpecification\",\"valueRequired\":true,\"valueName\":\"search_term_string\"}}],\"inLanguage\":\"en-US\"},{\"@type\":\"Organization\",\"@id\":\"https:\/\/vims.pl\/#organization\",\"name\":\"VIMS - Verified Industrial Maintenance Solutions\",\"alternateName\":\"VIMS\",\"url\":\"https:\/\/vims.pl\/\",\"logo\":{\"@type\":\"ImageObject\",\"inLanguage\":\"en-US\",\"@id\":\"https:\/\/vims.pl\/#\/schema\/logo\/image\/\",\"url\":\"https:\/\/vims.pl\/wp-content\/uploads\/2024\/01\/vims-logo.png\",\"contentUrl\":\"https:\/\/vims.pl\/wp-content\/uploads\/2024\/01\/vims-logo.png\",\"width\":290,\"height\":117,\"caption\":\"VIMS - Verified Industrial Maintenance Solutions\"},\"image\":{\"@id\":\"https:\/\/vims.pl\/#\/schema\/logo\/image\/\"},\"sameAs\":[\"https:\/\/www.facebook.com\/VIMSVerifiedIndustrialMaintenanceSolutions\",\"https:\/\/www.linkedin.com\/company\/18007802\/\",\"https:\/\/www.youtube.com\/channel\/UCnG9WhNr7SKLKpy1yKLa_mw?view_as=subscriber\"]}]}<\/script>\n<!-- \/ Yoast SEO plugin. -->","yoast_head_json":{"title":"Calibration | VIMS","description":"To ensure the highest quality of services provided by ADASH vibration analyzers, we recommend calibrating the equipment within 2 years from purchasing the device.","robots":{"index":"index","follow":"follow","max-snippet":"max-snippet:-1","max-image-preview":"max-image-preview:large","max-video-preview":"max-video-preview:-1"},"canonical":"https:\/\/vims.pl\/en\/product\/calibration\/","og_locale":"en_US","og_type":"article","og_title":"Calibration | VIMS","og_description":"To ensure the highest quality of services provided by ADASH vibration analyzers, we recommend calibrating the equipment within 2 years from purchasing the device.","og_url":"https:\/\/vims.pl\/en\/product\/calibration\/","og_site_name":"VIMS","article_publisher":"https:\/\/www.facebook.com\/VIMSVerifiedIndustrialMaintenanceSolutions","article_modified_time":"2023-09-27T08:36:33+00:00","og_image":[{"width":1280,"height":682,"url":"https:\/\/vims.pl\/wp-content\/uploads\/2022\/10\/image.png","type":"image\/png"}],"twitter_card":"summary_large_image","twitter_misc":{"Est. reading time":"1 minute"},"schema":{"@context":"https:\/\/schema.org","@graph":[{"@type":"WebPage","@id":"https:\/\/vims.pl\/en\/product\/calibration\/","url":"https:\/\/vims.pl\/en\/product\/calibration\/","name":"Calibration | VIMS","isPartOf":{"@id":"https:\/\/vims.pl\/#website"},"primaryImageOfPage":{"@id":"https:\/\/vims.pl\/en\/product\/calibration\/#primaryimage"},"image":{"@id":"https:\/\/vims.pl\/en\/product\/calibration\/#primaryimage"},"thumbnailUrl":"https:\/\/vims.pl\/wp-content\/uploads\/2022\/10\/image.png","datePublished":"2023-09-27T08:16:20+00:00","dateModified":"2023-09-27T08:36:33+00:00","description":"To ensure the highest quality of services provided by ADASH vibration analyzers, we recommend calibrating the equipment within 2 years from purchasing the device.","breadcrumb":{"@id":"https:\/\/vims.pl\/en\/product\/calibration\/#breadcrumb"},"inLanguage":"en-US","potentialAction":[{"@type":"ReadAction","target":["https:\/\/vims.pl\/en\/product\/calibration\/"]}]},{"@type":"ImageObject","inLanguage":"en-US","@id":"https:\/\/vims.pl\/en\/product\/calibration\/#primaryimage","url":"https:\/\/vims.pl\/wp-content\/uploads\/2022\/10\/image.png","contentUrl":"https:\/\/vims.pl\/wp-content\/uploads\/2022\/10\/image.png","width":1280,"height":682,"caption":"mierniki drga\u0144, analizatory drga\u0144, pomiar drga\u0144"},{"@type":"BreadcrumbList","@id":"https:\/\/vims.pl\/en\/product\/calibration\/#breadcrumb","itemListElement":[{"@type":"ListItem","position":1,"name":"Home","item":"https:\/\/vims.pl\/en\/nowy-test\/"},{"@type":"ListItem","position":2,"name":"Calibration"}]},{"@type":"WebSite","@id":"https:\/\/vims.pl\/#website","url":"https:\/\/vims.pl\/","name":"VIMS - Verified Industrial Maintenance Solutions","description":"Your Next Step in Asset Reliability","publisher":{"@id":"https:\/\/vims.pl\/#organization"},"alternateName":"VIMS","potentialAction":[{"@type":"SearchAction","target":{"@type":"EntryPoint","urlTemplate":"https:\/\/vims.pl\/?s={search_term_string}"},"query-input":{"@type":"PropertyValueSpecification","valueRequired":true,"valueName":"search_term_string"}}],"inLanguage":"en-US"},{"@type":"Organization","@id":"https:\/\/vims.pl\/#organization","name":"VIMS - Verified Industrial Maintenance Solutions","alternateName":"VIMS","url":"https:\/\/vims.pl\/","logo":{"@type":"ImageObject","inLanguage":"en-US","@id":"https:\/\/vims.pl\/#\/schema\/logo\/image\/","url":"https:\/\/vims.pl\/wp-content\/uploads\/2024\/01\/vims-logo.png","contentUrl":"https:\/\/vims.pl\/wp-content\/uploads\/2024\/01\/vims-logo.png","width":290,"height":117,"caption":"VIMS - Verified Industrial Maintenance Solutions"},"image":{"@id":"https:\/\/vims.pl\/#\/schema\/logo\/image\/"},"sameAs":["https:\/\/www.facebook.com\/VIMSVerifiedIndustrialMaintenanceSolutions","https:\/\/www.linkedin.com\/company\/18007802\/","https:\/\/www.youtube.com\/channel\/UCnG9WhNr7SKLKpy1yKLa_mw?view_as=subscriber"]}]}},"_links":{"self":[{"href":"https:\/\/vims.pl\/en\/wp-json\/wp\/v2\/product\/71839","targetHints":{"allow":["GET"]}}],"collection":[{"href":"https:\/\/vims.pl\/en\/wp-json\/wp\/v2\/product"}],"about":[{"href":"https:\/\/vims.pl\/en\/wp-json\/wp\/v2\/types\/product"}],"replies":[{"embeddable":true,"href":"https:\/\/vims.pl\/en\/wp-json\/wp\/v2\/comments?post=71839"}],"wp:featuredmedia":[{"embeddable":true,"href":"https:\/\/vims.pl\/en\/wp-json\/wp\/v2\/media\/70414"}],"wp:attachment":[{"href":"https:\/\/vims.pl\/en\/wp-json\/wp\/v2\/media?parent=71839"}],"wp:term":[{"taxonomy":"product_brand","embeddable":true,"href":"https:\/\/vims.pl\/en\/wp-json\/wp\/v2\/product_brand?post=71839"},{"taxonomy":"product_cat","embeddable":true,"href":"https:\/\/vims.pl\/en\/wp-json\/wp\/v2\/product_cat?post=71839"},{"taxonomy":"product_tag","embeddable":true,"href":"https:\/\/vims.pl\/en\/wp-json\/wp\/v2\/product_tag?post=71839"}],"curies":[{"name":"wp","href":"https:\/\/api.w.org\/{rel}","templated":true}]}}