





{"id":71105,"date":"2023-03-17T11:18:12","date_gmt":"2023-03-17T11:18:12","guid":{"rendered":"https:\/\/vims.pl\/product\/modal-amplified-2\/"},"modified":"2023-04-12T07:38:36","modified_gmt":"2023-04-12T07:38:36","slug":"modal-amplified-2","status":"publish","type":"product","link":"https:\/\/vims.pl\/en\/product\/modal-amplified-2\/","title":{"rendered":"Modal Amplified&#x2122;"},"content":{"rendered":"<h2>Modal Amplified&#x2122;<\/h2>\n<p>Modal Amplified&#x2122;, a camera-based Modal Test and Analysis solution, enables a new shift from the time-consuming sensor mapping, placement, fixation, and animated modeling of typical Modal Testing to instant capture, visualization, and analysis on real-life structures.<\/p>\n<p><span data-scheme-color=\"@FF0000,,\" data-usefontface=\"true\" data-contrast=\"none\">Modal Amplified leverages simultaneous measurement of the force input with the response measured directly from the\u00a0<\/span><span data-scheme-color=\"@FF0000,,\" data-usefontface=\"true\" data-contrast=\"none\">camera. Users can not only immediately visualize the resulting modes shapes, but they can place an unlimited number of\u00a0<\/span><span data-scheme-color=\"@FF0000,,\" data-usefontface=\"true\" data-contrast=\"none\">sensors across the structure through virtual regions of interests. This approach allows users to have Modal results in a matter\u00a0<\/span><span data-scheme-color=\"@FF0000,,\" data-usefontface=\"true\" data-contrast=\"none\">of minutes, from capture to visualizing the modes shapes, complete with dozens, even hundreds of sensors\u00a0<\/span><span data-scheme-color=\"@FF0000,,\" data-usefontface=\"true\" data-contrast=\"none\">measured across the structure.<\/span><span data-scheme-color=\"@454B53,,\" data-usefontface=\"true\" data-contrast=\"none\">\u00a0<\/span><\/p>\n<p><iframe title=\"YouTube video player\" data-src=\"https:\/\/www.youtube.com\/embed\/_pW_G2UybDI\" width=\"560\" height=\"315\" frameborder=\"0\" allowfullscreen=\"allowfullscreen\" src=\"data:image\/svg+xml;base64,PHN2ZyB3aWR0aD0iMSIgaGVpZ2h0PSIxIiB4bWxucz0iaHR0cDovL3d3dy53My5vcmcvMjAwMC9zdmciPjwvc3ZnPg==\" class=\"lazyload\" data-load-mode=\"1\"><\/iframe><\/p>\n","protected":false},"excerpt":{"rendered":"<p><a href=\"https:\/\/vims.pl\/wp-content\/uploads\/2023\/03\/RDI_MODAL_AMPLIFIED_EN.pdf\" target=\"_blank\" rel=\"noopener\">KARTA KATALOGOWA<\/a><\/p>\n","protected":false},"featured_media":71100,"comment_status":"closed","ping_status":"closed","template":"","meta":[],"product_brand":[],"product_cat":[460],"product_tag":[445],"class_list":{"0":"post-71105","1":"product","2":"type-product","3":"status-publish","4":"has-post-thumbnail","6":"product_cat-visualization-of-vibrations","7":"product_tag-rdi","9":"first","10":"instock","11":"taxable","12":"shipping-taxable","13":"product-type-simple"},"yoast_head":"<!-- This site is optimized with the Yoast SEO plugin v25.6 - https:\/\/yoast.com\/wordpress\/plugins\/seo\/ -->\n<title>Modal Amplified&#x2122; | VIMS<\/title>\n<meta name=\"description\" content=\"Modal Amplified\u2122, to rozwi\u0105zanie oparte o kamer\u0119 do test\u00f3w i analiz modalnych, kt\u00f3re umo\u017cliwia przej\u015bcie od czasoch\u0142onnego mapowania, rozmieszczania, mocowania czujnik\u00f3w i animowanego modelowania, typowego dla klasycznych test\u00f3w modalnych, do natychmiastowego pomiaru, wizualizacji i analizy maszyn i struktur, w widoku rzeczywistym.Modal Amplified\u2122, a camera-based Modal Test and Analysis solution, enables a new shift from the time-consuming sensor mapping, placement, fixation, and animated modeling of typical Modal Testing to instant capture, visualization, and analysis on real-life structures.\" \/>\n<meta name=\"robots\" content=\"index, follow, max-snippet:-1, max-image-preview:large, max-video-preview:-1\" \/>\n<link rel=\"canonical\" href=\"https:\/\/vims.pl\/produkt\/modal-amplified\/\" \/>\n<meta property=\"og:locale\" content=\"en_US\" \/>\n<meta property=\"og:type\" content=\"article\" \/>\n<meta property=\"og:title\" content=\"Modal Amplified&#x2122; | VIMS\" \/>\n<meta property=\"og:description\" content=\"Modal Amplified\u2122, to rozwi\u0105zanie oparte o kamer\u0119 do test\u00f3w i analiz modalnych, kt\u00f3re umo\u017cliwia przej\u015bcie od czasoch\u0142onnego mapowania, rozmieszczania, mocowania czujnik\u00f3w i animowanego modelowania, typowego dla klasycznych test\u00f3w modalnych, do natychmiastowego pomiaru, wizualizacji i analizy maszyn i struktur, w widoku rzeczywistym.Modal Amplified\u2122, a camera-based Modal Test and Analysis solution, enables a new shift from the time-consuming sensor mapping, placement, fixation, and animated modeling of typical Modal Testing to instant capture, visualization, and analysis on real-life structures.\" \/>\n<meta property=\"og:url\" content=\"https:\/\/vims.pl\/produkt\/modal-amplified\/\" \/>\n<meta property=\"og:site_name\" content=\"VIMS\" \/>\n<meta property=\"article:publisher\" content=\"https:\/\/www.facebook.com\/VIMSVerifiedIndustrialMaintenanceSolutions\" \/>\n<meta property=\"article:modified_time\" content=\"2023-04-12T07:38:36+00:00\" \/>\n<meta property=\"og:image\" content=\"https:\/\/vims.pl\/wp-content\/uploads\/2023\/03\/modal.jpg\" \/>\n\t<meta property=\"og:image:width\" content=\"740\" \/>\n\t<meta property=\"og:image:height\" content=\"600\" \/>\n\t<meta property=\"og:image:type\" content=\"image\/jpeg\" \/>\n<meta name=\"twitter:card\" content=\"summary_large_image\" \/>\n<meta name=\"twitter:label1\" content=\"Est. reading time\" \/>\n\t<meta name=\"twitter:data1\" content=\"1 minute\" \/>\n<script type=\"application\/ld+json\" class=\"yoast-schema-graph\">{\"@context\":\"https:\/\/schema.org\",\"@graph\":[{\"@type\":\"WebPage\",\"@id\":\"https:\/\/vims.pl\/produkt\/modal-amplified\/\",\"url\":\"https:\/\/vims.pl\/produkt\/modal-amplified\/\",\"name\":\"Modal Amplified&#x2122; | VIMS\",\"isPartOf\":{\"@id\":\"https:\/\/vims.pl\/#website\"},\"primaryImageOfPage\":{\"@id\":\"https:\/\/vims.pl\/produkt\/modal-amplified\/#primaryimage\"},\"image\":{\"@id\":\"https:\/\/vims.pl\/produkt\/modal-amplified\/#primaryimage\"},\"thumbnailUrl\":\"https:\/\/vims.pl\/wp-content\/uploads\/2023\/03\/modal.jpg\",\"datePublished\":\"2023-03-17T11:18:12+00:00\",\"dateModified\":\"2023-04-12T07:38:36+00:00\",\"description\":\"Modal Amplified\u2122, to rozwi\u0105zanie oparte o kamer\u0119 do test\u00f3w i analiz modalnych, kt\u00f3re umo\u017cliwia przej\u015bcie od czasoch\u0142onnego mapowania, rozmieszczania, mocowania czujnik\u00f3w i animowanego modelowania, typowego dla klasycznych test\u00f3w modalnych, do natychmiastowego pomiaru, wizualizacji i analizy maszyn i struktur, w widoku rzeczywistym.Modal Amplified\u2122, a camera-based Modal Test and Analysis solution, enables a new shift from the time-consuming sensor mapping, placement, fixation, and animated modeling of typical Modal Testing to instant capture, visualization, and analysis on real-life structures.\",\"breadcrumb\":{\"@id\":\"https:\/\/vims.pl\/produkt\/modal-amplified\/#breadcrumb\"},\"inLanguage\":\"en-US\",\"potentialAction\":[{\"@type\":\"ReadAction\",\"target\":[\"https:\/\/vims.pl\/produkt\/modal-amplified\/\"]}]},{\"@type\":\"ImageObject\",\"inLanguage\":\"en-US\",\"@id\":\"https:\/\/vims.pl\/produkt\/modal-amplified\/#primaryimage\",\"url\":\"https:\/\/vims.pl\/wp-content\/uploads\/2023\/03\/modal.jpg\",\"contentUrl\":\"https:\/\/vims.pl\/wp-content\/uploads\/2023\/03\/modal.jpg\",\"width\":740,\"height\":600},{\"@type\":\"BreadcrumbList\",\"@id\":\"https:\/\/vims.pl\/produkt\/modal-amplified\/#breadcrumb\",\"itemListElement\":[{\"@type\":\"ListItem\",\"position\":1,\"name\":\"Home\",\"item\":\"https:\/\/vims.pl\/en\/nowy-test\/\"},{\"@type\":\"ListItem\",\"position\":2,\"name\":\"Modal Amplified&#x2122;\"}]},{\"@type\":\"WebSite\",\"@id\":\"https:\/\/vims.pl\/#website\",\"url\":\"https:\/\/vims.pl\/\",\"name\":\"VIMS - Verified Industrial Maintenance Solutions\",\"description\":\"Your Next Step in Asset Reliability\",\"publisher\":{\"@id\":\"https:\/\/vims.pl\/#organization\"},\"alternateName\":\"VIMS\",\"potentialAction\":[{\"@type\":\"SearchAction\",\"target\":{\"@type\":\"EntryPoint\",\"urlTemplate\":\"https:\/\/vims.pl\/?s={search_term_string}\"},\"query-input\":{\"@type\":\"PropertyValueSpecification\",\"valueRequired\":true,\"valueName\":\"search_term_string\"}}],\"inLanguage\":\"en-US\"},{\"@type\":\"Organization\",\"@id\":\"https:\/\/vims.pl\/#organization\",\"name\":\"VIMS - Verified Industrial Maintenance Solutions\",\"alternateName\":\"VIMS\",\"url\":\"https:\/\/vims.pl\/\",\"logo\":{\"@type\":\"ImageObject\",\"inLanguage\":\"en-US\",\"@id\":\"https:\/\/vims.pl\/#\/schema\/logo\/image\/\",\"url\":\"https:\/\/vims.pl\/wp-content\/uploads\/2024\/01\/vims-logo.png\",\"contentUrl\":\"https:\/\/vims.pl\/wp-content\/uploads\/2024\/01\/vims-logo.png\",\"width\":290,\"height\":117,\"caption\":\"VIMS - Verified Industrial Maintenance Solutions\"},\"image\":{\"@id\":\"https:\/\/vims.pl\/#\/schema\/logo\/image\/\"},\"sameAs\":[\"https:\/\/www.facebook.com\/VIMSVerifiedIndustrialMaintenanceSolutions\",\"https:\/\/www.linkedin.com\/company\/18007802\/\",\"https:\/\/www.youtube.com\/channel\/UCnG9WhNr7SKLKpy1yKLa_mw?view_as=subscriber\"]}]}<\/script>\n<!-- \/ Yoast SEO plugin. -->","yoast_head_json":{"title":"Modal Amplified&#x2122; | VIMS","description":"Modal Amplified\u2122, to rozwi\u0105zanie oparte o kamer\u0119 do test\u00f3w i analiz modalnych, kt\u00f3re umo\u017cliwia przej\u015bcie od czasoch\u0142onnego mapowania, rozmieszczania, mocowania czujnik\u00f3w i animowanego modelowania, typowego dla klasycznych test\u00f3w modalnych, do natychmiastowego pomiaru, wizualizacji i analizy maszyn i struktur, w widoku rzeczywistym.Modal Amplified\u2122, a camera-based Modal Test and Analysis solution, enables a new shift from the time-consuming sensor mapping, placement, fixation, and animated modeling of typical Modal Testing to instant capture, visualization, and analysis on real-life structures.","robots":{"index":"index","follow":"follow","max-snippet":"max-snippet:-1","max-image-preview":"max-image-preview:large","max-video-preview":"max-video-preview:-1"},"canonical":"https:\/\/vims.pl\/produkt\/modal-amplified\/","og_locale":"en_US","og_type":"article","og_title":"Modal Amplified&#x2122; | VIMS","og_description":"Modal Amplified\u2122, to rozwi\u0105zanie oparte o kamer\u0119 do test\u00f3w i analiz modalnych, kt\u00f3re umo\u017cliwia przej\u015bcie od czasoch\u0142onnego mapowania, rozmieszczania, mocowania czujnik\u00f3w i animowanego modelowania, typowego dla klasycznych test\u00f3w modalnych, do natychmiastowego pomiaru, wizualizacji i analizy maszyn i struktur, w widoku rzeczywistym.Modal Amplified\u2122, a camera-based Modal Test and Analysis solution, enables a new shift from the time-consuming sensor mapping, placement, fixation, and animated modeling of typical Modal Testing to instant capture, visualization, and analysis on real-life structures.","og_url":"https:\/\/vims.pl\/produkt\/modal-amplified\/","og_site_name":"VIMS","article_publisher":"https:\/\/www.facebook.com\/VIMSVerifiedIndustrialMaintenanceSolutions","article_modified_time":"2023-04-12T07:38:36+00:00","og_image":[{"width":740,"height":600,"url":"https:\/\/vims.pl\/wp-content\/uploads\/2023\/03\/modal.jpg","type":"image\/jpeg"}],"twitter_card":"summary_large_image","twitter_misc":{"Est. reading time":"1 minute"},"schema":{"@context":"https:\/\/schema.org","@graph":[{"@type":"WebPage","@id":"https:\/\/vims.pl\/produkt\/modal-amplified\/","url":"https:\/\/vims.pl\/produkt\/modal-amplified\/","name":"Modal Amplified&#x2122; | VIMS","isPartOf":{"@id":"https:\/\/vims.pl\/#website"},"primaryImageOfPage":{"@id":"https:\/\/vims.pl\/produkt\/modal-amplified\/#primaryimage"},"image":{"@id":"https:\/\/vims.pl\/produkt\/modal-amplified\/#primaryimage"},"thumbnailUrl":"https:\/\/vims.pl\/wp-content\/uploads\/2023\/03\/modal.jpg","datePublished":"2023-03-17T11:18:12+00:00","dateModified":"2023-04-12T07:38:36+00:00","description":"Modal Amplified\u2122, to rozwi\u0105zanie oparte o kamer\u0119 do test\u00f3w i analiz modalnych, kt\u00f3re umo\u017cliwia przej\u015bcie od czasoch\u0142onnego mapowania, rozmieszczania, mocowania czujnik\u00f3w i animowanego modelowania, typowego dla klasycznych test\u00f3w modalnych, do natychmiastowego pomiaru, wizualizacji i analizy maszyn i struktur, w widoku rzeczywistym.Modal Amplified\u2122, a camera-based Modal Test and Analysis solution, enables a new shift from the time-consuming sensor mapping, placement, fixation, and animated modeling of typical Modal Testing to instant capture, visualization, and analysis on real-life structures.","breadcrumb":{"@id":"https:\/\/vims.pl\/produkt\/modal-amplified\/#breadcrumb"},"inLanguage":"en-US","potentialAction":[{"@type":"ReadAction","target":["https:\/\/vims.pl\/produkt\/modal-amplified\/"]}]},{"@type":"ImageObject","inLanguage":"en-US","@id":"https:\/\/vims.pl\/produkt\/modal-amplified\/#primaryimage","url":"https:\/\/vims.pl\/wp-content\/uploads\/2023\/03\/modal.jpg","contentUrl":"https:\/\/vims.pl\/wp-content\/uploads\/2023\/03\/modal.jpg","width":740,"height":600},{"@type":"BreadcrumbList","@id":"https:\/\/vims.pl\/produkt\/modal-amplified\/#breadcrumb","itemListElement":[{"@type":"ListItem","position":1,"name":"Home","item":"https:\/\/vims.pl\/en\/nowy-test\/"},{"@type":"ListItem","position":2,"name":"Modal Amplified&#x2122;"}]},{"@type":"WebSite","@id":"https:\/\/vims.pl\/#website","url":"https:\/\/vims.pl\/","name":"VIMS - Verified Industrial Maintenance Solutions","description":"Your Next Step in Asset Reliability","publisher":{"@id":"https:\/\/vims.pl\/#organization"},"alternateName":"VIMS","potentialAction":[{"@type":"SearchAction","target":{"@type":"EntryPoint","urlTemplate":"https:\/\/vims.pl\/?s={search_term_string}"},"query-input":{"@type":"PropertyValueSpecification","valueRequired":true,"valueName":"search_term_string"}}],"inLanguage":"en-US"},{"@type":"Organization","@id":"https:\/\/vims.pl\/#organization","name":"VIMS - Verified Industrial Maintenance Solutions","alternateName":"VIMS","url":"https:\/\/vims.pl\/","logo":{"@type":"ImageObject","inLanguage":"en-US","@id":"https:\/\/vims.pl\/#\/schema\/logo\/image\/","url":"https:\/\/vims.pl\/wp-content\/uploads\/2024\/01\/vims-logo.png","contentUrl":"https:\/\/vims.pl\/wp-content\/uploads\/2024\/01\/vims-logo.png","width":290,"height":117,"caption":"VIMS - Verified Industrial Maintenance Solutions"},"image":{"@id":"https:\/\/vims.pl\/#\/schema\/logo\/image\/"},"sameAs":["https:\/\/www.facebook.com\/VIMSVerifiedIndustrialMaintenanceSolutions","https:\/\/www.linkedin.com\/company\/18007802\/","https:\/\/www.youtube.com\/channel\/UCnG9WhNr7SKLKpy1yKLa_mw?view_as=subscriber"]}]}},"_links":{"self":[{"href":"https:\/\/vims.pl\/en\/wp-json\/wp\/v2\/product\/71105","targetHints":{"allow":["GET"]}}],"collection":[{"href":"https:\/\/vims.pl\/en\/wp-json\/wp\/v2\/product"}],"about":[{"href":"https:\/\/vims.pl\/en\/wp-json\/wp\/v2\/types\/product"}],"replies":[{"embeddable":true,"href":"https:\/\/vims.pl\/en\/wp-json\/wp\/v2\/comments?post=71105"}],"wp:featuredmedia":[{"embeddable":true,"href":"https:\/\/vims.pl\/en\/wp-json\/wp\/v2\/media\/71100"}],"wp:attachment":[{"href":"https:\/\/vims.pl\/en\/wp-json\/wp\/v2\/media?parent=71105"}],"wp:term":[{"taxonomy":"product_brand","embeddable":true,"href":"https:\/\/vims.pl\/en\/wp-json\/wp\/v2\/product_brand?post=71105"},{"taxonomy":"product_cat","embeddable":true,"href":"https:\/\/vims.pl\/en\/wp-json\/wp\/v2\/product_cat?post=71105"},{"taxonomy":"product_tag","embeddable":true,"href":"https:\/\/vims.pl\/en\/wp-json\/wp\/v2\/product_tag?post=71105"}],"curies":[{"name":"wp","href":"https:\/\/api.w.org\/{rel}","templated":true}]}}