





{"id":71042,"date":"2023-02-15T12:26:49","date_gmt":"2023-02-15T12:26:49","guid":{"rendered":"https:\/\/vims.pl\/?post_type=product&#038;p=71042"},"modified":"2023-02-15T15:07:45","modified_gmt":"2023-02-15T15:07:45","slug":"modal-amplified","status":"publish","type":"product","link":"https:\/\/vims.pl\/en\/product\/modal-amplified\/","title":{"rendered":"Modal Amplified&#x2122;"},"content":{"rendered":"<h2>Modal Amplified&#x2122;<\/h2>\n<p>Modal Amplified&#x2122;, a camera-based Modal Test and Analysis solution, enables a new shift from the time-consuming sensor mapping, placement, fixation, and animated modeling of typical Modal Testing to instant capture, visualization, and analysis on real-life structures.<\/p>\n<p><span data-scheme-color=\"@FF0000,,\" data-usefontface=\"true\" data-contrast=\"none\">Modal Amplified leverages simultaneous measurement of the force input with the response measured directly from the\u00a0<\/span><span data-scheme-color=\"@FF0000,,\" data-usefontface=\"true\" data-contrast=\"none\">camera. Users can not only immediately visualize the resulting modes shapes, but they can place an unlimited number of\u00a0<\/span><span data-scheme-color=\"@FF0000,,\" data-usefontface=\"true\" data-contrast=\"none\">sensors across the structure through virtual regions of interests. This approach allows users to have Modal results in a matter\u00a0<\/span><span data-scheme-color=\"@FF0000,,\" data-usefontface=\"true\" data-contrast=\"none\">of minutes, from capture to visualizing the modes shapes, complete with dozens, even hundreds of sensors\u00a0<\/span><span data-scheme-color=\"@FF0000,,\" data-usefontface=\"true\" data-contrast=\"none\">measured across the structure.<\/span><span data-scheme-color=\"@454B53,,\" data-usefontface=\"true\" data-contrast=\"none\">\u00a0<\/span><\/p>\n<div class=\"wpb_video_widget wpb_content_element vc_clearfix vc_video-aspect-ratio-169 vc_video-el-width-100 vc_video-align-left\">\n<div><\/div>\n<\/div>\n<div class=\" et_pb_row et_pb_row_9\">\n<div class=\"et_pb_column et_pb_column_4_4 et_pb_column_14\">\n<div class=\"et_pb_text et_pb_module et_pb_bg_layout_light et_pb_text_align_left et_pb_text_11\">\n<div class=\"et_pb_text_inner\">\n<div class=\"col sqs-col-6 span-6\">\n<div id=\"block-yui_3_17_2_4_1477662143366_109140\" class=\"sqs-block html-block sqs-block-html\" data-block-type=\"2\">\n<div class=\"sqs-block-content\">\n<table>\n<tbody data-wp-editing=\"1\">\n<tr>\n<td><img decoding=\"async\" class=\"aligncenter lazyload\" data-src=\"https:\/\/rditechnologies.com\/wp-content\/uploads\/2023\/02\/Time-Watch.png\" src=\"data:image\/svg+xml;base64,PHN2ZyB3aWR0aD0iMSIgaGVpZ2h0PSIxIiB4bWxucz0iaHR0cDovL3d3dy53My5vcmcvMjAwMC9zdmciPjwvc3ZnPg==\" \/><\/td>\n<td><a href=\"http:\/\/www.vims.de\/wp-content\/uploads\/2021\/11\/home-visualize-1.svg\"><img decoding=\"async\" class=\"size-full wp-image-683 aligncenter lazyload\" data-src=\"http:\/\/www.vims.de\/wp-content\/uploads\/2021\/11\/home-visualize-1.svg\" alt=\"\" width=\"61\" height=\"48\" src=\"data:image\/svg+xml;base64,PHN2ZyB3aWR0aD0iMSIgaGVpZ2h0PSIxIiB4bWxucz0iaHR0cDovL3d3dy53My5vcmcvMjAwMC9zdmciPjwvc3ZnPg==\" style=\"--smush-placeholder-width: 61px; --smush-placeholder-aspect-ratio: 61\/48;\" \/><\/a><\/td>\n<td><img decoding=\"async\" class=\"aligncenter lazyload\" data-src=\"https:\/\/rditechnologies.com\/wp-content\/uploads\/2020\/04\/home-visualize-4.svg\" src=\"data:image\/svg+xml;base64,PHN2ZyB3aWR0aD0iMSIgaGVpZ2h0PSIxIiB4bWxucz0iaHR0cDovL3d3dy53My5vcmcvMjAwMC9zdmciPjwvc3ZnPg==\" \/><\/td>\n<td><img decoding=\"async\" class=\"size-full wp-image-684 aligncenter lazyload\" data-src=\"http:\/\/www.vims.de\/wp-content\/uploads\/2021\/11\/home-visualize-3.svg\" alt=\"\" width=\"49\" height=\"50\" src=\"data:image\/svg+xml;base64,PHN2ZyB3aWR0aD0iMSIgaGVpZ2h0PSIxIiB4bWxucz0iaHR0cDovL3d3dy53My5vcmcvMjAwMC9zdmciPjwvc3ZnPg==\" style=\"--smush-placeholder-width: 49px; --smush-placeholder-aspect-ratio: 49\/50;\" \/><\/td>\n<\/tr>\n<tr>\n<td>\n<h4 style=\"text-align: center;\">Get To Your Data Faster<\/h4>\n<\/td>\n<td style=\"text-align: center;\">\n<h4>Real-World vs Model<\/h4>\n<\/td>\n<td style=\"text-align: center;\">\n<h4>Capture, Analyze in One Platform<\/h4>\n<\/td>\n<td style=\"text-align: center;\">\n<h4>Measure Simultaneously<\/h4>\n<\/td>\n<\/tr>\n<tr>\n<td style=\"text-align: center;\">Go from hours and days of set-up and testing and verifying sensors to setting up and acquiring data in just minutes. From design to prototyping, certification or qualification, get to your data faster. Capture, visualize, and analysis in minutes.<\/td>\n<td style=\"text-align: center;\">Modal Amplified&#x2122; enables the shift from time-consuming animated modeling that shows what a structure theoretically could look like through Modal Testing, to visualizing the actual real-life structure with camera-based technology. Collect data on objects too small or out of reach of physical accelerometers. Easily capture large structures in field or in lab without needing sensors.\u200b<\/td>\n<td style=\"text-align: center;\">From capture to visualization and analysis, it\u2019s all in one platform. Automatically calculate mode shape measurements, filter video by vibration frequencies, instantly capturing mode shapes, natural frequency, associated dampening and movement the human eye and sensors cannot detect, all within the software. \u200b<\/td>\n<td style=\"text-align: center;\">Modal Amplified&#x2122; leverages simultaneous measurement of the force input with the response measured directly from the camera. Users can immediately visualize resulting modes shapes, while placing an unlimited number of sensors across the structure through virtual regions of interests. \u200b<\/td>\n<\/tr>\n<\/tbody>\n<\/table>\n<\/div>\n<\/div>\n<\/div>\n<\/div>\n<\/div>\n<\/div>\n<\/div>\n","protected":false},"excerpt":{"rendered":"<p><a href=\"https:\/\/vims.pl\/wp-content\/uploads\/2022\/10\/RDI_IRIS_M-STEREO_EN.pdf\" target=\"_blank\" rel=\"noopener\">KARTA KATALOGOWA<\/a><\/p>\n","protected":false},"featured_media":70398,"comment_status":"closed","ping_status":"closed","template":"","meta":[],"product_brand":[],"product_cat":[591],"product_tag":[445],"class_list":{"0":"post-71042","1":"product","2":"type-product","3":"status-publish","4":"has-post-thumbnail","6":"product_cat-accessories-en","7":"product_tag-rdi","9":"first","10":"instock","11":"taxable","12":"shipping-taxable","13":"product-type-simple"},"yoast_head":"<!-- This site is optimized with the Yoast SEO plugin v25.6 - https:\/\/yoast.com\/wordpress\/plugins\/seo\/ -->\n<title>Modal Amplified&#x2122; | VIMS<\/title>\n<meta name=\"description\" content=\"Iris M\u2122 + Stereo Vision jest zestawem wsp\u00f3\u0142pracuj\u0105cych dw\u00f3ch kamer Motion Amplification\u00ae, \u00a0kt\u00f3ry dostarcza pomiary w trzech osiach jednocze\u015bnie, w pe\u0142nym polu widzenia (3D).\" \/>\n<meta name=\"robots\" content=\"index, follow, max-snippet:-1, max-image-preview:large, max-video-preview:-1\" \/>\n<link rel=\"canonical\" href=\"https:\/\/vims.pl\/en\/product\/modal-amplified\/\" \/>\n<meta property=\"og:locale\" content=\"en_US\" \/>\n<meta property=\"og:type\" content=\"article\" \/>\n<meta property=\"og:title\" content=\"Modal Amplified&#x2122; | VIMS\" \/>\n<meta property=\"og:description\" content=\"Iris M\u2122 + Stereo Vision jest zestawem wsp\u00f3\u0142pracuj\u0105cych dw\u00f3ch kamer Motion Amplification\u00ae, \u00a0kt\u00f3ry dostarcza pomiary w trzech osiach jednocze\u015bnie, w pe\u0142nym polu widzenia (3D).\" \/>\n<meta property=\"og:url\" content=\"https:\/\/vims.pl\/en\/product\/modal-amplified\/\" \/>\n<meta property=\"og:site_name\" content=\"VIMS\" \/>\n<meta property=\"article:publisher\" content=\"https:\/\/www.facebook.com\/VIMSVerifiedIndustrialMaintenanceSolutions\" \/>\n<meta property=\"article:modified_time\" content=\"2023-02-15T15:07:45+00:00\" \/>\n<meta property=\"og:image\" content=\"https:\/\/vims.pl\/wp-content\/uploads\/2022\/10\/IRIS-M-Stereo-Vision.jpg\" \/>\n\t<meta property=\"og:image:width\" content=\"740\" \/>\n\t<meta property=\"og:image:height\" content=\"600\" \/>\n\t<meta property=\"og:image:type\" content=\"image\/jpeg\" \/>\n<meta name=\"twitter:card\" content=\"summary_large_image\" \/>\n<meta name=\"twitter:label1\" content=\"Est. reading time\" \/>\n\t<meta name=\"twitter:data1\" content=\"3 minutes\" \/>\n<script type=\"application\/ld+json\" class=\"yoast-schema-graph\">{\"@context\":\"https:\/\/schema.org\",\"@graph\":[{\"@type\":\"WebPage\",\"@id\":\"https:\/\/vims.pl\/en\/product\/modal-amplified\/\",\"url\":\"https:\/\/vims.pl\/en\/product\/modal-amplified\/\",\"name\":\"Modal Amplified&#x2122; | VIMS\",\"isPartOf\":{\"@id\":\"https:\/\/vims.pl\/#website\"},\"primaryImageOfPage\":{\"@id\":\"https:\/\/vims.pl\/en\/product\/modal-amplified\/#primaryimage\"},\"image\":{\"@id\":\"https:\/\/vims.pl\/en\/product\/modal-amplified\/#primaryimage\"},\"thumbnailUrl\":\"https:\/\/vims.pl\/wp-content\/uploads\/2022\/10\/IRIS-M-Stereo-Vision.jpg\",\"datePublished\":\"2023-02-15T12:26:49+00:00\",\"dateModified\":\"2023-02-15T15:07:45+00:00\",\"description\":\"Iris M\u2122 + Stereo Vision jest zestawem wsp\u00f3\u0142pracuj\u0105cych dw\u00f3ch kamer Motion Amplification\u00ae, \u00a0kt\u00f3ry dostarcza pomiary w trzech osiach jednocze\u015bnie, w pe\u0142nym polu widzenia (3D).\",\"breadcrumb\":{\"@id\":\"https:\/\/vims.pl\/en\/product\/modal-amplified\/#breadcrumb\"},\"inLanguage\":\"en-US\",\"potentialAction\":[{\"@type\":\"ReadAction\",\"target\":[\"https:\/\/vims.pl\/en\/product\/modal-amplified\/\"]}]},{\"@type\":\"ImageObject\",\"inLanguage\":\"en-US\",\"@id\":\"https:\/\/vims.pl\/en\/product\/modal-amplified\/#primaryimage\",\"url\":\"https:\/\/vims.pl\/wp-content\/uploads\/2022\/10\/IRIS-M-Stereo-Vision.jpg\",\"contentUrl\":\"https:\/\/vims.pl\/wp-content\/uploads\/2022\/10\/IRIS-M-Stereo-Vision.jpg\",\"width\":740,\"height\":600,\"caption\":\"iris m stereo vision - bezdotykowy system do pomiaru drga\u0144 maszyn\"},{\"@type\":\"BreadcrumbList\",\"@id\":\"https:\/\/vims.pl\/en\/product\/modal-amplified\/#breadcrumb\",\"itemListElement\":[{\"@type\":\"ListItem\",\"position\":1,\"name\":\"Home\",\"item\":\"https:\/\/vims.pl\/en\/nowy-test\/\"},{\"@type\":\"ListItem\",\"position\":2,\"name\":\"Modal Amplified&#x2122;\"}]},{\"@type\":\"WebSite\",\"@id\":\"https:\/\/vims.pl\/#website\",\"url\":\"https:\/\/vims.pl\/\",\"name\":\"VIMS - Verified Industrial Maintenance Solutions\",\"description\":\"Your Next Step in Asset Reliability\",\"publisher\":{\"@id\":\"https:\/\/vims.pl\/#organization\"},\"alternateName\":\"VIMS\",\"potentialAction\":[{\"@type\":\"SearchAction\",\"target\":{\"@type\":\"EntryPoint\",\"urlTemplate\":\"https:\/\/vims.pl\/?s={search_term_string}\"},\"query-input\":{\"@type\":\"PropertyValueSpecification\",\"valueRequired\":true,\"valueName\":\"search_term_string\"}}],\"inLanguage\":\"en-US\"},{\"@type\":\"Organization\",\"@id\":\"https:\/\/vims.pl\/#organization\",\"name\":\"VIMS - Verified Industrial Maintenance Solutions\",\"alternateName\":\"VIMS\",\"url\":\"https:\/\/vims.pl\/\",\"logo\":{\"@type\":\"ImageObject\",\"inLanguage\":\"en-US\",\"@id\":\"https:\/\/vims.pl\/#\/schema\/logo\/image\/\",\"url\":\"https:\/\/vims.pl\/wp-content\/uploads\/2024\/01\/vims-logo.png\",\"contentUrl\":\"https:\/\/vims.pl\/wp-content\/uploads\/2024\/01\/vims-logo.png\",\"width\":290,\"height\":117,\"caption\":\"VIMS - Verified Industrial Maintenance Solutions\"},\"image\":{\"@id\":\"https:\/\/vims.pl\/#\/schema\/logo\/image\/\"},\"sameAs\":[\"https:\/\/www.facebook.com\/VIMSVerifiedIndustrialMaintenanceSolutions\",\"https:\/\/www.linkedin.com\/company\/18007802\/\",\"https:\/\/www.youtube.com\/channel\/UCnG9WhNr7SKLKpy1yKLa_mw?view_as=subscriber\"]}]}<\/script>\n<!-- \/ Yoast SEO plugin. -->","yoast_head_json":{"title":"Modal Amplified&#x2122; | VIMS","description":"Iris M\u2122 + Stereo Vision jest zestawem wsp\u00f3\u0142pracuj\u0105cych dw\u00f3ch kamer Motion Amplification\u00ae, \u00a0kt\u00f3ry dostarcza pomiary w trzech osiach jednocze\u015bnie, w pe\u0142nym polu widzenia (3D).","robots":{"index":"index","follow":"follow","max-snippet":"max-snippet:-1","max-image-preview":"max-image-preview:large","max-video-preview":"max-video-preview:-1"},"canonical":"https:\/\/vims.pl\/en\/product\/modal-amplified\/","og_locale":"en_US","og_type":"article","og_title":"Modal Amplified&#x2122; | VIMS","og_description":"Iris M\u2122 + Stereo Vision jest zestawem wsp\u00f3\u0142pracuj\u0105cych dw\u00f3ch kamer Motion Amplification\u00ae, \u00a0kt\u00f3ry dostarcza pomiary w trzech osiach jednocze\u015bnie, w pe\u0142nym polu widzenia (3D).","og_url":"https:\/\/vims.pl\/en\/product\/modal-amplified\/","og_site_name":"VIMS","article_publisher":"https:\/\/www.facebook.com\/VIMSVerifiedIndustrialMaintenanceSolutions","article_modified_time":"2023-02-15T15:07:45+00:00","og_image":[{"width":740,"height":600,"url":"https:\/\/vims.pl\/wp-content\/uploads\/2022\/10\/IRIS-M-Stereo-Vision.jpg","type":"image\/jpeg"}],"twitter_card":"summary_large_image","twitter_misc":{"Est. reading time":"3 minutes"},"schema":{"@context":"https:\/\/schema.org","@graph":[{"@type":"WebPage","@id":"https:\/\/vims.pl\/en\/product\/modal-amplified\/","url":"https:\/\/vims.pl\/en\/product\/modal-amplified\/","name":"Modal Amplified&#x2122; | VIMS","isPartOf":{"@id":"https:\/\/vims.pl\/#website"},"primaryImageOfPage":{"@id":"https:\/\/vims.pl\/en\/product\/modal-amplified\/#primaryimage"},"image":{"@id":"https:\/\/vims.pl\/en\/product\/modal-amplified\/#primaryimage"},"thumbnailUrl":"https:\/\/vims.pl\/wp-content\/uploads\/2022\/10\/IRIS-M-Stereo-Vision.jpg","datePublished":"2023-02-15T12:26:49+00:00","dateModified":"2023-02-15T15:07:45+00:00","description":"Iris M\u2122 + Stereo Vision jest zestawem wsp\u00f3\u0142pracuj\u0105cych dw\u00f3ch kamer Motion Amplification\u00ae, \u00a0kt\u00f3ry dostarcza pomiary w trzech osiach jednocze\u015bnie, w pe\u0142nym polu widzenia (3D).","breadcrumb":{"@id":"https:\/\/vims.pl\/en\/product\/modal-amplified\/#breadcrumb"},"inLanguage":"en-US","potentialAction":[{"@type":"ReadAction","target":["https:\/\/vims.pl\/en\/product\/modal-amplified\/"]}]},{"@type":"ImageObject","inLanguage":"en-US","@id":"https:\/\/vims.pl\/en\/product\/modal-amplified\/#primaryimage","url":"https:\/\/vims.pl\/wp-content\/uploads\/2022\/10\/IRIS-M-Stereo-Vision.jpg","contentUrl":"https:\/\/vims.pl\/wp-content\/uploads\/2022\/10\/IRIS-M-Stereo-Vision.jpg","width":740,"height":600,"caption":"iris m stereo vision - bezdotykowy system do pomiaru drga\u0144 maszyn"},{"@type":"BreadcrumbList","@id":"https:\/\/vims.pl\/en\/product\/modal-amplified\/#breadcrumb","itemListElement":[{"@type":"ListItem","position":1,"name":"Home","item":"https:\/\/vims.pl\/en\/nowy-test\/"},{"@type":"ListItem","position":2,"name":"Modal Amplified&#x2122;"}]},{"@type":"WebSite","@id":"https:\/\/vims.pl\/#website","url":"https:\/\/vims.pl\/","name":"VIMS - Verified Industrial Maintenance Solutions","description":"Your Next Step in Asset Reliability","publisher":{"@id":"https:\/\/vims.pl\/#organization"},"alternateName":"VIMS","potentialAction":[{"@type":"SearchAction","target":{"@type":"EntryPoint","urlTemplate":"https:\/\/vims.pl\/?s={search_term_string}"},"query-input":{"@type":"PropertyValueSpecification","valueRequired":true,"valueName":"search_term_string"}}],"inLanguage":"en-US"},{"@type":"Organization","@id":"https:\/\/vims.pl\/#organization","name":"VIMS - Verified Industrial Maintenance Solutions","alternateName":"VIMS","url":"https:\/\/vims.pl\/","logo":{"@type":"ImageObject","inLanguage":"en-US","@id":"https:\/\/vims.pl\/#\/schema\/logo\/image\/","url":"https:\/\/vims.pl\/wp-content\/uploads\/2024\/01\/vims-logo.png","contentUrl":"https:\/\/vims.pl\/wp-content\/uploads\/2024\/01\/vims-logo.png","width":290,"height":117,"caption":"VIMS - Verified Industrial Maintenance Solutions"},"image":{"@id":"https:\/\/vims.pl\/#\/schema\/logo\/image\/"},"sameAs":["https:\/\/www.facebook.com\/VIMSVerifiedIndustrialMaintenanceSolutions","https:\/\/www.linkedin.com\/company\/18007802\/","https:\/\/www.youtube.com\/channel\/UCnG9WhNr7SKLKpy1yKLa_mw?view_as=subscriber"]}]}},"_links":{"self":[{"href":"https:\/\/vims.pl\/en\/wp-json\/wp\/v2\/product\/71042","targetHints":{"allow":["GET"]}}],"collection":[{"href":"https:\/\/vims.pl\/en\/wp-json\/wp\/v2\/product"}],"about":[{"href":"https:\/\/vims.pl\/en\/wp-json\/wp\/v2\/types\/product"}],"replies":[{"embeddable":true,"href":"https:\/\/vims.pl\/en\/wp-json\/wp\/v2\/comments?post=71042"}],"wp:featuredmedia":[{"embeddable":true,"href":"https:\/\/vims.pl\/en\/wp-json\/wp\/v2\/media\/70398"}],"wp:attachment":[{"href":"https:\/\/vims.pl\/en\/wp-json\/wp\/v2\/media?parent=71042"}],"wp:term":[{"taxonomy":"product_brand","embeddable":true,"href":"https:\/\/vims.pl\/en\/wp-json\/wp\/v2\/product_brand?post=71042"},{"taxonomy":"product_cat","embeddable":true,"href":"https:\/\/vims.pl\/en\/wp-json\/wp\/v2\/product_cat?post=71042"},{"taxonomy":"product_tag","embeddable":true,"href":"https:\/\/vims.pl\/en\/wp-json\/wp\/v2\/product_tag?post=71042"}],"curies":[{"name":"wp","href":"https:\/\/api.w.org\/{rel}","templated":true}]}}