





{"id":70402,"date":"2022-10-13T06:30:25","date_gmt":"2022-10-13T06:30:25","guid":{"rendered":"https:\/\/vims.pl\/product\/stereo-visionstereo-vision\/"},"modified":"2022-10-13T06:48:39","modified_gmt":"2022-10-13T06:48:39","slug":"stereo-vision","status":"publish","type":"product","link":"https:\/\/vims.pl\/en\/product\/stereo-vision\/","title":{"rendered":"Stereo Vision"},"content":{"rendered":"<h2>Iris M<sup>TM<\/sup>\u00a0+ Stereo Vision<\/h2>\n<p>Iris M&#x2122; + Stereo Vision is a two-camera Motion Amplification\u00ae system that will enable full-field vibrational measurements to be taken simultaneously in all directions (3 dimensions\/axes).<\/p>\n<p>&nbsp;<\/p>\n<p>Iris M + Stereo Vision uniquely gives users the ability to acquire synchronized waveform and spectral data in 3 dimensions for virtually any region of interest, anywhere on the asset, in just one data capture. This multi-dimensional measurement is engineered to function as one system, helping to avoid over- or under-testing problems caused by single-axis vibration tests.\u00a0 Iris M + Stereo Vision increases visibility, efficiency and helps users see patterns, trends and non-obvious relationships in just a single test.<\/p>\n<div><\/div>\n<div><\/div>\n<p><iframe title=\"YouTube video player\" data-src=\"https:\/\/www.youtube.com\/embed\/-Tz0z59HFwk\" width=\"560\" height=\"315\" frameborder=\"0\" allowfullscreen=\"allowfullscreen\" src=\"data:image\/svg+xml;base64,PHN2ZyB3aWR0aD0iMSIgaGVpZ2h0PSIxIiB4bWxucz0iaHR0cDovL3d3dy53My5vcmcvMjAwMC9zdmciPjwvc3ZnPg==\" class=\"lazyload\" data-load-mode=\"1\"><\/iframe><\/p>\n<p>&nbsp;<\/p>\n<div class=\"wpb_video_widget wpb_content_element vc_clearfix vc_video-aspect-ratio-169 vc_video-el-width-100 vc_video-align-left\">\n<div><\/div>\n<\/div>\n<div class=\" et_pb_row et_pb_row_9\">\n<div class=\"et_pb_column et_pb_column_4_4 et_pb_column_14\">\n<div class=\"et_pb_text et_pb_module et_pb_bg_layout_light et_pb_text_align_left et_pb_text_11\">\n<div class=\"et_pb_text_inner\">\n<div class=\"col sqs-col-6 span-6\">\n<div id=\"block-yui_3_17_2_4_1477662143366_109140\" class=\"sqs-block html-block sqs-block-html\" data-block-type=\"2\">\n<div class=\"sqs-block-content\">\n<table>\n<tbody data-wp-editing=\"1\">\n<tr>\n<td><a href=\"http:\/\/www.vims.de\/wp-content\/uploads\/2021\/11\/home-visualize-1.svg\"><img decoding=\"async\" class=\"size-full wp-image-683 aligncenter lazyload\" data-src=\"http:\/\/www.vims.de\/wp-content\/uploads\/2021\/11\/home-visualize-1.svg\" alt=\"\" width=\"61\" height=\"48\" src=\"data:image\/svg+xml;base64,PHN2ZyB3aWR0aD0iMSIgaGVpZ2h0PSIxIiB4bWxucz0iaHR0cDovL3d3dy53My5vcmcvMjAwMC9zdmciPjwvc3ZnPg==\" style=\"--smush-placeholder-width: 61px; --smush-placeholder-aspect-ratio: 61\/48;\" \/><\/a><\/td>\n<td><a href=\"http:\/\/www.vims.de\/wp-content\/uploads\/2021\/11\/home-visualize-3.svg\"><img decoding=\"async\" class=\"size-full wp-image-684 aligncenter lazyload\" data-src=\"http:\/\/www.vims.de\/wp-content\/uploads\/2021\/11\/home-visualize-3.svg\" alt=\"\" width=\"49\" height=\"50\" src=\"data:image\/svg+xml;base64,PHN2ZyB3aWR0aD0iMSIgaGVpZ2h0PSIxIiB4bWxucz0iaHR0cDovL3d3dy53My5vcmcvMjAwMC9zdmciPjwvc3ZnPg==\" style=\"--smush-placeholder-width: 49px; --smush-placeholder-aspect-ratio: 49\/50;\" \/><\/a><\/td>\n<td><img decoding=\"async\" class=\"size-medium wp-image-685 aligncenter lazyload\" data-src=\"http:\/\/www.vims.de\/wp-content\/uploads\/2021\/11\/home-visualize-2.svg\" alt=\"\" width=\"45\" height=\"55\" src=\"data:image\/svg+xml;base64,PHN2ZyB3aWR0aD0iMSIgaGVpZ2h0PSIxIiB4bWxucz0iaHR0cDovL3d3dy53My5vcmcvMjAwMC9zdmciPjwvc3ZnPg==\" style=\"--smush-placeholder-width: 45px; --smush-placeholder-aspect-ratio: 45\/55;\" \/><\/td>\n<\/tr>\n<tr>\n<td>\n<h4 style=\"text-align: center;\"><strong>Increased Visability<\/strong><\/h4>\n<\/td>\n<td style=\"text-align: center;\">\n<h4><strong>Comprehensive Data<\/strong><\/h4>\n<\/td>\n<td style=\"text-align: center;\">\n<h4><strong>Increased Efficiency<\/strong><\/h4>\n<\/td>\n<\/tr>\n<tr>\n<td style=\"text-align: center;\">More data in a single capture \u2013 powering visibility into operations, assets, and opportunities.\u200b<\/td>\n<td style=\"text-align: center;\">Easy to understand stereo image data leads to deeper insights and improved decision making.\u200b<\/td>\n<td style=\"text-align: center;\">Reduction of setup time compared to sensors and increases speed to insight.<\/td>\n<\/tr>\n<\/tbody>\n<\/table>\n<p>&nbsp;<\/p>\n<\/div>\n<\/div>\n<\/div>\n<\/div>\n<\/div>\n<\/div>\n<\/div>\n","protected":false},"excerpt":{"rendered":"<p>Iris MTM\u00a0+ Stereo Vision Iris M&#x2122; + Stereo Vision is a two-camera Motion Amplification\u00ae system that will enable full-field vibrational measurements to be taken simultaneously in all directions (3 dimensions\/axes). &nbsp; Iris M + Stereo Vision uniquely gives users the ability to acquire synchronized waveform&#8230;<\/p>\n","protected":false},"featured_media":70399,"comment_status":"closed","ping_status":"closed","template":"","meta":[],"product_brand":[],"product_cat":[591],"product_tag":[445],"class_list":{"0":"post-70402","1":"product","2":"type-product","3":"status-publish","4":"has-post-thumbnail","6":"product_cat-accessories-en","7":"product_tag-rdi","9":"first","10":"instock","11":"taxable","12":"shipping-taxable","13":"product-type-simple"},"yoast_head":"<!-- This site is optimized with the Yoast SEO plugin v25.6 - https:\/\/yoast.com\/wordpress\/plugins\/seo\/ -->\n<title>Stereo Vision | VIMS<\/title>\n<meta name=\"description\" content=\"Iris M\u2122 + Stereo Vision jest zestawem wsp\u00f3\u0142pracuj\u0105cych dw\u00f3ch kamer Motion Amplification\u00ae, \u00a0kt\u00f3ry dostarcza pomiary w trzech osiach jednocze\u015bnie, w pe\u0142nym polu widzenia (3D).Iris M\u2122 + Stereo Vision is a two-camera Motion Amplification\u00ae system that will enable full-field vibrational measurements to be taken simultaneously in all directions (3 dimensions\/axes).\" \/>\n<meta name=\"robots\" content=\"index, follow, max-snippet:-1, max-image-preview:large, max-video-preview:-1\" \/>\n<link rel=\"canonical\" href=\"https:\/\/vims.pl\/en\/product\/stereo-vision\/\" \/>\n<meta property=\"og:locale\" content=\"en_US\" \/>\n<meta property=\"og:type\" content=\"article\" \/>\n<meta property=\"og:title\" content=\"Stereo Vision | VIMS\" \/>\n<meta property=\"og:description\" content=\"Iris M\u2122 + Stereo Vision jest zestawem wsp\u00f3\u0142pracuj\u0105cych dw\u00f3ch kamer Motion Amplification\u00ae, \u00a0kt\u00f3ry dostarcza pomiary w trzech osiach jednocze\u015bnie, w pe\u0142nym polu widzenia (3D).Iris M\u2122 + Stereo Vision is a two-camera Motion Amplification\u00ae system that will enable full-field vibrational measurements to be taken simultaneously in all directions (3 dimensions\/axes).\" \/>\n<meta property=\"og:url\" content=\"https:\/\/vims.pl\/en\/product\/stereo-vision\/\" \/>\n<meta property=\"og:site_name\" content=\"VIMS\" \/>\n<meta property=\"article:publisher\" content=\"https:\/\/www.facebook.com\/VIMSVerifiedIndustrialMaintenanceSolutions\" \/>\n<meta property=\"article:modified_time\" content=\"2022-10-13T06:48:39+00:00\" \/>\n<meta property=\"og:image\" content=\"https:\/\/vims.pl\/wp-content\/uploads\/2022\/10\/IRIS-M-Stereo-Vision.jpg\" \/>\n\t<meta property=\"og:image:width\" content=\"740\" \/>\n\t<meta property=\"og:image:height\" content=\"600\" \/>\n\t<meta property=\"og:image:type\" content=\"image\/jpeg\" \/>\n<meta name=\"twitter:card\" content=\"summary_large_image\" \/>\n<meta name=\"twitter:label1\" content=\"Est. reading time\" \/>\n\t<meta name=\"twitter:data1\" content=\"2 minutes\" \/>\n<script type=\"application\/ld+json\" class=\"yoast-schema-graph\">{\"@context\":\"https:\/\/schema.org\",\"@graph\":[{\"@type\":\"WebPage\",\"@id\":\"https:\/\/vims.pl\/en\/product\/stereo-vision\/\",\"url\":\"https:\/\/vims.pl\/en\/product\/stereo-vision\/\",\"name\":\"Stereo Vision | VIMS\",\"isPartOf\":{\"@id\":\"https:\/\/vims.pl\/#website\"},\"primaryImageOfPage\":{\"@id\":\"https:\/\/vims.pl\/en\/product\/stereo-vision\/#primaryimage\"},\"image\":{\"@id\":\"https:\/\/vims.pl\/en\/product\/stereo-vision\/#primaryimage\"},\"thumbnailUrl\":\"https:\/\/vims.pl\/wp-content\/uploads\/2022\/10\/IRIS-M-Stereo-Vision.jpg\",\"datePublished\":\"2022-10-13T06:30:25+00:00\",\"dateModified\":\"2022-10-13T06:48:39+00:00\",\"description\":\"Iris M\u2122 + Stereo Vision jest zestawem wsp\u00f3\u0142pracuj\u0105cych dw\u00f3ch kamer Motion Amplification\u00ae, \u00a0kt\u00f3ry dostarcza pomiary w trzech osiach jednocze\u015bnie, w pe\u0142nym polu widzenia (3D).Iris M\u2122 + Stereo Vision is a two-camera Motion Amplification\u00ae system that will enable full-field vibrational measurements to be taken simultaneously in all directions (3 dimensions\/axes).\",\"breadcrumb\":{\"@id\":\"https:\/\/vims.pl\/en\/product\/stereo-vision\/#breadcrumb\"},\"inLanguage\":\"en-US\",\"potentialAction\":[{\"@type\":\"ReadAction\",\"target\":[\"https:\/\/vims.pl\/en\/product\/stereo-vision\/\"]}]},{\"@type\":\"ImageObject\",\"inLanguage\":\"en-US\",\"@id\":\"https:\/\/vims.pl\/en\/product\/stereo-vision\/#primaryimage\",\"url\":\"https:\/\/vims.pl\/wp-content\/uploads\/2022\/10\/IRIS-M-Stereo-Vision.jpg\",\"contentUrl\":\"https:\/\/vims.pl\/wp-content\/uploads\/2022\/10\/IRIS-M-Stereo-Vision.jpg\",\"width\":740,\"height\":600,\"caption\":\"iris m stereo vision - bezdotykowy system do pomiaru drga\u0144 maszyn\"},{\"@type\":\"BreadcrumbList\",\"@id\":\"https:\/\/vims.pl\/en\/product\/stereo-vision\/#breadcrumb\",\"itemListElement\":[{\"@type\":\"ListItem\",\"position\":1,\"name\":\"Home\",\"item\":\"https:\/\/vims.pl\/en\/nowy-test\/\"},{\"@type\":\"ListItem\",\"position\":2,\"name\":\"Stereo Vision\"}]},{\"@type\":\"WebSite\",\"@id\":\"https:\/\/vims.pl\/#website\",\"url\":\"https:\/\/vims.pl\/\",\"name\":\"VIMS - Verified Industrial Maintenance Solutions\",\"description\":\"Your Next Step in Asset Reliability\",\"publisher\":{\"@id\":\"https:\/\/vims.pl\/#organization\"},\"alternateName\":\"VIMS\",\"potentialAction\":[{\"@type\":\"SearchAction\",\"target\":{\"@type\":\"EntryPoint\",\"urlTemplate\":\"https:\/\/vims.pl\/?s={search_term_string}\"},\"query-input\":{\"@type\":\"PropertyValueSpecification\",\"valueRequired\":true,\"valueName\":\"search_term_string\"}}],\"inLanguage\":\"en-US\"},{\"@type\":\"Organization\",\"@id\":\"https:\/\/vims.pl\/#organization\",\"name\":\"VIMS - Verified Industrial Maintenance Solutions\",\"alternateName\":\"VIMS\",\"url\":\"https:\/\/vims.pl\/\",\"logo\":{\"@type\":\"ImageObject\",\"inLanguage\":\"en-US\",\"@id\":\"https:\/\/vims.pl\/#\/schema\/logo\/image\/\",\"url\":\"https:\/\/vims.pl\/wp-content\/uploads\/2024\/01\/vims-logo.png\",\"contentUrl\":\"https:\/\/vims.pl\/wp-content\/uploads\/2024\/01\/vims-logo.png\",\"width\":290,\"height\":117,\"caption\":\"VIMS - Verified Industrial Maintenance Solutions\"},\"image\":{\"@id\":\"https:\/\/vims.pl\/#\/schema\/logo\/image\/\"},\"sameAs\":[\"https:\/\/www.facebook.com\/VIMSVerifiedIndustrialMaintenanceSolutions\",\"https:\/\/www.linkedin.com\/company\/18007802\/\",\"https:\/\/www.youtube.com\/channel\/UCnG9WhNr7SKLKpy1yKLa_mw?view_as=subscriber\"]}]}<\/script>\n<!-- \/ Yoast SEO plugin. -->","yoast_head_json":{"title":"Stereo Vision | VIMS","description":"Iris M\u2122 + Stereo Vision jest zestawem wsp\u00f3\u0142pracuj\u0105cych dw\u00f3ch kamer Motion Amplification\u00ae, \u00a0kt\u00f3ry dostarcza pomiary w trzech osiach jednocze\u015bnie, w pe\u0142nym polu widzenia (3D).Iris M\u2122 + Stereo Vision is a two-camera Motion Amplification\u00ae system that will enable full-field vibrational measurements to be taken simultaneously in all directions (3 dimensions\/axes).","robots":{"index":"index","follow":"follow","max-snippet":"max-snippet:-1","max-image-preview":"max-image-preview:large","max-video-preview":"max-video-preview:-1"},"canonical":"https:\/\/vims.pl\/en\/product\/stereo-vision\/","og_locale":"en_US","og_type":"article","og_title":"Stereo Vision | VIMS","og_description":"Iris M\u2122 + Stereo Vision jest zestawem wsp\u00f3\u0142pracuj\u0105cych dw\u00f3ch kamer Motion Amplification\u00ae, \u00a0kt\u00f3ry dostarcza pomiary w trzech osiach jednocze\u015bnie, w pe\u0142nym polu widzenia (3D).Iris M\u2122 + Stereo Vision is a two-camera Motion Amplification\u00ae system that will enable full-field vibrational measurements to be taken simultaneously in all directions (3 dimensions\/axes).","og_url":"https:\/\/vims.pl\/en\/product\/stereo-vision\/","og_site_name":"VIMS","article_publisher":"https:\/\/www.facebook.com\/VIMSVerifiedIndustrialMaintenanceSolutions","article_modified_time":"2022-10-13T06:48:39+00:00","og_image":[{"width":740,"height":600,"url":"https:\/\/vims.pl\/wp-content\/uploads\/2022\/10\/IRIS-M-Stereo-Vision.jpg","type":"image\/jpeg"}],"twitter_card":"summary_large_image","twitter_misc":{"Est. reading time":"2 minutes"},"schema":{"@context":"https:\/\/schema.org","@graph":[{"@type":"WebPage","@id":"https:\/\/vims.pl\/en\/product\/stereo-vision\/","url":"https:\/\/vims.pl\/en\/product\/stereo-vision\/","name":"Stereo Vision | VIMS","isPartOf":{"@id":"https:\/\/vims.pl\/#website"},"primaryImageOfPage":{"@id":"https:\/\/vims.pl\/en\/product\/stereo-vision\/#primaryimage"},"image":{"@id":"https:\/\/vims.pl\/en\/product\/stereo-vision\/#primaryimage"},"thumbnailUrl":"https:\/\/vims.pl\/wp-content\/uploads\/2022\/10\/IRIS-M-Stereo-Vision.jpg","datePublished":"2022-10-13T06:30:25+00:00","dateModified":"2022-10-13T06:48:39+00:00","description":"Iris M\u2122 + Stereo Vision jest zestawem wsp\u00f3\u0142pracuj\u0105cych dw\u00f3ch kamer Motion Amplification\u00ae, \u00a0kt\u00f3ry dostarcza pomiary w trzech osiach jednocze\u015bnie, w pe\u0142nym polu widzenia (3D).Iris M\u2122 + Stereo Vision is a two-camera Motion Amplification\u00ae system that will enable full-field vibrational measurements to be taken simultaneously in all directions (3 dimensions\/axes).","breadcrumb":{"@id":"https:\/\/vims.pl\/en\/product\/stereo-vision\/#breadcrumb"},"inLanguage":"en-US","potentialAction":[{"@type":"ReadAction","target":["https:\/\/vims.pl\/en\/product\/stereo-vision\/"]}]},{"@type":"ImageObject","inLanguage":"en-US","@id":"https:\/\/vims.pl\/en\/product\/stereo-vision\/#primaryimage","url":"https:\/\/vims.pl\/wp-content\/uploads\/2022\/10\/IRIS-M-Stereo-Vision.jpg","contentUrl":"https:\/\/vims.pl\/wp-content\/uploads\/2022\/10\/IRIS-M-Stereo-Vision.jpg","width":740,"height":600,"caption":"iris m stereo vision - bezdotykowy system do pomiaru drga\u0144 maszyn"},{"@type":"BreadcrumbList","@id":"https:\/\/vims.pl\/en\/product\/stereo-vision\/#breadcrumb","itemListElement":[{"@type":"ListItem","position":1,"name":"Home","item":"https:\/\/vims.pl\/en\/nowy-test\/"},{"@type":"ListItem","position":2,"name":"Stereo Vision"}]},{"@type":"WebSite","@id":"https:\/\/vims.pl\/#website","url":"https:\/\/vims.pl\/","name":"VIMS - Verified Industrial Maintenance Solutions","description":"Your Next Step in Asset Reliability","publisher":{"@id":"https:\/\/vims.pl\/#organization"},"alternateName":"VIMS","potentialAction":[{"@type":"SearchAction","target":{"@type":"EntryPoint","urlTemplate":"https:\/\/vims.pl\/?s={search_term_string}"},"query-input":{"@type":"PropertyValueSpecification","valueRequired":true,"valueName":"search_term_string"}}],"inLanguage":"en-US"},{"@type":"Organization","@id":"https:\/\/vims.pl\/#organization","name":"VIMS - Verified Industrial Maintenance Solutions","alternateName":"VIMS","url":"https:\/\/vims.pl\/","logo":{"@type":"ImageObject","inLanguage":"en-US","@id":"https:\/\/vims.pl\/#\/schema\/logo\/image\/","url":"https:\/\/vims.pl\/wp-content\/uploads\/2024\/01\/vims-logo.png","contentUrl":"https:\/\/vims.pl\/wp-content\/uploads\/2024\/01\/vims-logo.png","width":290,"height":117,"caption":"VIMS - Verified Industrial Maintenance Solutions"},"image":{"@id":"https:\/\/vims.pl\/#\/schema\/logo\/image\/"},"sameAs":["https:\/\/www.facebook.com\/VIMSVerifiedIndustrialMaintenanceSolutions","https:\/\/www.linkedin.com\/company\/18007802\/","https:\/\/www.youtube.com\/channel\/UCnG9WhNr7SKLKpy1yKLa_mw?view_as=subscriber"]}]}},"_links":{"self":[{"href":"https:\/\/vims.pl\/en\/wp-json\/wp\/v2\/product\/70402","targetHints":{"allow":["GET"]}}],"collection":[{"href":"https:\/\/vims.pl\/en\/wp-json\/wp\/v2\/product"}],"about":[{"href":"https:\/\/vims.pl\/en\/wp-json\/wp\/v2\/types\/product"}],"replies":[{"embeddable":true,"href":"https:\/\/vims.pl\/en\/wp-json\/wp\/v2\/comments?post=70402"}],"wp:featuredmedia":[{"embeddable":true,"href":"https:\/\/vims.pl\/en\/wp-json\/wp\/v2\/media\/70399"}],"wp:attachment":[{"href":"https:\/\/vims.pl\/en\/wp-json\/wp\/v2\/media?parent=70402"}],"wp:term":[{"taxonomy":"product_brand","embeddable":true,"href":"https:\/\/vims.pl\/en\/wp-json\/wp\/v2\/product_brand?post=70402"},{"taxonomy":"product_cat","embeddable":true,"href":"https:\/\/vims.pl\/en\/wp-json\/wp\/v2\/product_cat?post=70402"},{"taxonomy":"product_tag","embeddable":true,"href":"https:\/\/vims.pl\/en\/wp-json\/wp\/v2\/product_tag?post=70402"}],"curies":[{"name":"wp","href":"https:\/\/api.w.org\/{rel}","templated":true}]}}