





{"id":68618,"date":"2020-01-30T12:12:59","date_gmt":"2020-01-30T12:12:59","guid":{"rendered":"https:\/\/vims.pl\/product\/iris-cm-continuous-monitoring\/"},"modified":"2020-04-27T12:43:33","modified_gmt":"2020-04-27T12:43:33","slug":"iris-cm-continuous-monitoring","status":"publish","type":"product","link":"https:\/\/vims.pl\/en\/product\/iris-cm-continuous-monitoring\/","title":{"rendered":"Iris CM&#x2122;- Continuous Monitoring"},"content":{"rendered":"<h3><strong>See the latest innovation, the Iris CM&#x2122;, enables users, for the first time ever, to continuously monitor and measure assets with multiple video feeds capable of Live Motion Amplification\u00ae, Visual Displacement, and much more.<\/strong><\/h3>\n<p>&nbsp;<\/p>\n<p>&nbsp;<\/p>\n<p>RDI\u2019s Motion Amplification\u00ae platform is a unique, revolutionary technology that detects subtle movement and converts that movement to a level visible with the naked eye. By turning every pixel in the camera into a sensor, Iris CM takes millions of measurements in a fraction of a second. And it does this with no physical connection to your machinery or equipment. With Iris CM, you now have the ability to see what is happening on your machines even when you are away. Once configured, Iris CM can continuously monitor your asset with live Motion Amplification\u00ae, trigger and store recordings, and provide all the data analysis of Motion Amplification\u00ae software. Best of all, once you solve the problem with your asset, just move the system to the next asset and start all over. Solve your toughest problems, solve your intermittent problems, solve it all with the Iris CM.<\/p>\n<p>&nbsp;<\/p>\n<p><a href=\"https:\/\/vims.pl\/wp-content\/uploads\/2020\/01\/Iris-CM-Feature-List-Small2-EN.jpg\"><img decoding=\"async\" class=\"aligncenter size-full wp-image-68619 lazyload\" data-src=\"https:\/\/vims.pl\/wp-content\/uploads\/2020\/01\/Iris-CM-Feature-List-Small2-EN.jpg\" alt=\"\" width=\"1200\" height=\"706\" data-srcset=\"https:\/\/vims.pl\/wp-content\/uploads\/2020\/01\/Iris-CM-Feature-List-Small2-EN.jpg 1200w, https:\/\/vims.pl\/wp-content\/uploads\/2020\/01\/Iris-CM-Feature-List-Small2-EN-250x147.jpg 250w, https:\/\/vims.pl\/wp-content\/uploads\/2020\/01\/Iris-CM-Feature-List-Small2-EN-800x471.jpg 800w\" data-sizes=\"(max-width: 1200px) 100vw, 1200px\" src=\"data:image\/svg+xml;base64,PHN2ZyB3aWR0aD0iMSIgaGVpZ2h0PSIxIiB4bWxucz0iaHR0cDovL3d3dy53My5vcmcvMjAwMC9zdmciPjwvc3ZnPg==\" style=\"--smush-placeholder-width: 1200px; --smush-placeholder-aspect-ratio: 1200\/706;\" \/><\/a><\/p>\n","protected":false},"excerpt":{"rendered":"<p><a href=\"https:\/\/vims.pl\/wp-content\/uploads\/2020\/01\/RDI_IRIS-CM_DATASHEET.pdf\">DATASHEET<\/a><\/p>\n","protected":false},"featured_media":68598,"comment_status":"closed","ping_status":"closed","template":"","meta":[],"product_brand":[],"product_cat":[460],"product_tag":[445],"class_list":{"0":"post-68618","1":"product","2":"type-product","3":"status-publish","4":"has-post-thumbnail","6":"product_cat-visualization-of-vibrations","7":"product_tag-rdi","9":"first","10":"instock","11":"taxable","12":"shipping-taxable","13":"product-type-simple"},"yoast_head":"<!-- This site is optimized with the Yoast SEO plugin v25.6 - https:\/\/yoast.com\/wordpress\/plugins\/seo\/ -->\n<title>Continuous Monitoring | Iris CM\u2122 | VIMS<\/title>\n<meta name=\"description\" content=\"Iris CM\u2122, enables users, for the first time ever, to continuously monitor and measure assets with multiple video feeds capable of Live Motion Amplification\u00ae, Visual Displacement, and much more.\" \/>\n<meta name=\"robots\" content=\"index, follow, max-snippet:-1, max-image-preview:large, max-video-preview:-1\" \/>\n<link rel=\"canonical\" href=\"https:\/\/vims.pl\/en\/product\/iris-cm-continuous-monitoring\/\" \/>\n<meta property=\"og:locale\" content=\"en_US\" \/>\n<meta property=\"og:type\" content=\"article\" \/>\n<meta property=\"og:title\" content=\"Continuous Monitoring | Iris CM\u2122 | VIMS\" \/>\n<meta property=\"og:description\" content=\"Iris CM\u2122, enables users, for the first time ever, to continuously monitor and measure assets with multiple video feeds capable of Live Motion Amplification\u00ae, Visual Displacement, and much more.\" \/>\n<meta property=\"og:url\" content=\"https:\/\/vims.pl\/en\/product\/iris-cm-continuous-monitoring\/\" \/>\n<meta property=\"og:site_name\" content=\"VIMS\" \/>\n<meta property=\"article:publisher\" content=\"https:\/\/www.facebook.com\/VIMSVerifiedIndustrialMaintenanceSolutions\" \/>\n<meta property=\"article:modified_time\" content=\"2020-04-27T12:43:33+00:00\" \/>\n<meta property=\"og:image\" content=\"https:\/\/vims.pl\/wp-content\/uploads\/2020\/01\/IRIS-CM-NA-STRON\u01181.jpg\" \/>\n\t<meta property=\"og:image:width\" content=\"740\" \/>\n\t<meta property=\"og:image:height\" content=\"600\" \/>\n\t<meta property=\"og:image:type\" content=\"image\/jpeg\" \/>\n<meta name=\"twitter:card\" content=\"summary_large_image\" \/>\n<meta name=\"twitter:label1\" content=\"Est. reading time\" \/>\n\t<meta name=\"twitter:data1\" content=\"1 minute\" \/>\n<script type=\"application\/ld+json\" class=\"yoast-schema-graph\">{\"@context\":\"https:\/\/schema.org\",\"@graph\":[{\"@type\":\"WebPage\",\"@id\":\"https:\/\/vims.pl\/en\/product\/iris-cm-continuous-monitoring\/\",\"url\":\"https:\/\/vims.pl\/en\/product\/iris-cm-continuous-monitoring\/\",\"name\":\"Continuous Monitoring | Iris CM\u2122 | VIMS\",\"isPartOf\":{\"@id\":\"https:\/\/vims.pl\/#website\"},\"primaryImageOfPage\":{\"@id\":\"https:\/\/vims.pl\/en\/product\/iris-cm-continuous-monitoring\/#primaryimage\"},\"image\":{\"@id\":\"https:\/\/vims.pl\/en\/product\/iris-cm-continuous-monitoring\/#primaryimage\"},\"thumbnailUrl\":\"https:\/\/vims.pl\/wp-content\/uploads\/2020\/01\/IRIS-CM-NA-STRON\u01181.jpg\",\"datePublished\":\"2020-01-30T12:12:59+00:00\",\"dateModified\":\"2020-04-27T12:43:33+00:00\",\"description\":\"Iris CM\u2122, enables users, for the first time ever, to continuously monitor and measure assets with multiple video feeds capable of Live Motion Amplification\u00ae, Visual Displacement, and much more.\",\"breadcrumb\":{\"@id\":\"https:\/\/vims.pl\/en\/product\/iris-cm-continuous-monitoring\/#breadcrumb\"},\"inLanguage\":\"en-US\",\"potentialAction\":[{\"@type\":\"ReadAction\",\"target\":[\"https:\/\/vims.pl\/en\/product\/iris-cm-continuous-monitoring\/\"]}]},{\"@type\":\"ImageObject\",\"inLanguage\":\"en-US\",\"@id\":\"https:\/\/vims.pl\/en\/product\/iris-cm-continuous-monitoring\/#primaryimage\",\"url\":\"https:\/\/vims.pl\/wp-content\/uploads\/2020\/01\/IRIS-CM-NA-STRON\u01181.jpg\",\"contentUrl\":\"https:\/\/vims.pl\/wp-content\/uploads\/2020\/01\/IRIS-CM-NA-STRON\u01181.jpg\",\"width\":740,\"height\":600,\"caption\":\"system monitorowania ci\u0105g\u0142ego iris cm\"},{\"@type\":\"BreadcrumbList\",\"@id\":\"https:\/\/vims.pl\/en\/product\/iris-cm-continuous-monitoring\/#breadcrumb\",\"itemListElement\":[{\"@type\":\"ListItem\",\"position\":1,\"name\":\"Home\",\"item\":\"https:\/\/vims.pl\/en\/nowy-test\/\"},{\"@type\":\"ListItem\",\"position\":2,\"name\":\"Iris CM&#x2122;- Continuous Monitoring\"}]},{\"@type\":\"WebSite\",\"@id\":\"https:\/\/vims.pl\/#website\",\"url\":\"https:\/\/vims.pl\/\",\"name\":\"VIMS - Verified Industrial Maintenance Solutions\",\"description\":\"Your Next Step in Asset Reliability\",\"publisher\":{\"@id\":\"https:\/\/vims.pl\/#organization\"},\"alternateName\":\"VIMS\",\"potentialAction\":[{\"@type\":\"SearchAction\",\"target\":{\"@type\":\"EntryPoint\",\"urlTemplate\":\"https:\/\/vims.pl\/?s={search_term_string}\"},\"query-input\":{\"@type\":\"PropertyValueSpecification\",\"valueRequired\":true,\"valueName\":\"search_term_string\"}}],\"inLanguage\":\"en-US\"},{\"@type\":\"Organization\",\"@id\":\"https:\/\/vims.pl\/#organization\",\"name\":\"VIMS - Verified Industrial Maintenance Solutions\",\"alternateName\":\"VIMS\",\"url\":\"https:\/\/vims.pl\/\",\"logo\":{\"@type\":\"ImageObject\",\"inLanguage\":\"en-US\",\"@id\":\"https:\/\/vims.pl\/#\/schema\/logo\/image\/\",\"url\":\"https:\/\/vims.pl\/wp-content\/uploads\/2024\/01\/vims-logo.png\",\"contentUrl\":\"https:\/\/vims.pl\/wp-content\/uploads\/2024\/01\/vims-logo.png\",\"width\":290,\"height\":117,\"caption\":\"VIMS - Verified Industrial Maintenance Solutions\"},\"image\":{\"@id\":\"https:\/\/vims.pl\/#\/schema\/logo\/image\/\"},\"sameAs\":[\"https:\/\/www.facebook.com\/VIMSVerifiedIndustrialMaintenanceSolutions\",\"https:\/\/www.linkedin.com\/company\/18007802\/\",\"https:\/\/www.youtube.com\/channel\/UCnG9WhNr7SKLKpy1yKLa_mw?view_as=subscriber\"]}]}<\/script>\n<!-- \/ Yoast SEO plugin. -->","yoast_head_json":{"title":"Continuous Monitoring | Iris CM\u2122 | VIMS","description":"Iris CM\u2122, enables users, for the first time ever, to continuously monitor and measure assets with multiple video feeds capable of Live Motion Amplification\u00ae, Visual Displacement, and much more.","robots":{"index":"index","follow":"follow","max-snippet":"max-snippet:-1","max-image-preview":"max-image-preview:large","max-video-preview":"max-video-preview:-1"},"canonical":"https:\/\/vims.pl\/en\/product\/iris-cm-continuous-monitoring\/","og_locale":"en_US","og_type":"article","og_title":"Continuous Monitoring | Iris CM\u2122 | VIMS","og_description":"Iris CM\u2122, enables users, for the first time ever, to continuously monitor and measure assets with multiple video feeds capable of Live Motion Amplification\u00ae, Visual Displacement, and much more.","og_url":"https:\/\/vims.pl\/en\/product\/iris-cm-continuous-monitoring\/","og_site_name":"VIMS","article_publisher":"https:\/\/www.facebook.com\/VIMSVerifiedIndustrialMaintenanceSolutions","article_modified_time":"2020-04-27T12:43:33+00:00","og_image":[{"width":740,"height":600,"url":"https:\/\/vims.pl\/wp-content\/uploads\/2020\/01\/IRIS-CM-NA-STRON\u01181.jpg","type":"image\/jpeg"}],"twitter_card":"summary_large_image","twitter_misc":{"Est. reading time":"1 minute"},"schema":{"@context":"https:\/\/schema.org","@graph":[{"@type":"WebPage","@id":"https:\/\/vims.pl\/en\/product\/iris-cm-continuous-monitoring\/","url":"https:\/\/vims.pl\/en\/product\/iris-cm-continuous-monitoring\/","name":"Continuous Monitoring | Iris CM\u2122 | VIMS","isPartOf":{"@id":"https:\/\/vims.pl\/#website"},"primaryImageOfPage":{"@id":"https:\/\/vims.pl\/en\/product\/iris-cm-continuous-monitoring\/#primaryimage"},"image":{"@id":"https:\/\/vims.pl\/en\/product\/iris-cm-continuous-monitoring\/#primaryimage"},"thumbnailUrl":"https:\/\/vims.pl\/wp-content\/uploads\/2020\/01\/IRIS-CM-NA-STRON\u01181.jpg","datePublished":"2020-01-30T12:12:59+00:00","dateModified":"2020-04-27T12:43:33+00:00","description":"Iris CM\u2122, enables users, for the first time ever, to continuously monitor and measure assets with multiple video feeds capable of Live Motion Amplification\u00ae, Visual Displacement, and much more.","breadcrumb":{"@id":"https:\/\/vims.pl\/en\/product\/iris-cm-continuous-monitoring\/#breadcrumb"},"inLanguage":"en-US","potentialAction":[{"@type":"ReadAction","target":["https:\/\/vims.pl\/en\/product\/iris-cm-continuous-monitoring\/"]}]},{"@type":"ImageObject","inLanguage":"en-US","@id":"https:\/\/vims.pl\/en\/product\/iris-cm-continuous-monitoring\/#primaryimage","url":"https:\/\/vims.pl\/wp-content\/uploads\/2020\/01\/IRIS-CM-NA-STRON\u01181.jpg","contentUrl":"https:\/\/vims.pl\/wp-content\/uploads\/2020\/01\/IRIS-CM-NA-STRON\u01181.jpg","width":740,"height":600,"caption":"system monitorowania ci\u0105g\u0142ego iris cm"},{"@type":"BreadcrumbList","@id":"https:\/\/vims.pl\/en\/product\/iris-cm-continuous-monitoring\/#breadcrumb","itemListElement":[{"@type":"ListItem","position":1,"name":"Home","item":"https:\/\/vims.pl\/en\/nowy-test\/"},{"@type":"ListItem","position":2,"name":"Iris CM&#x2122;- Continuous Monitoring"}]},{"@type":"WebSite","@id":"https:\/\/vims.pl\/#website","url":"https:\/\/vims.pl\/","name":"VIMS - Verified Industrial Maintenance Solutions","description":"Your Next Step in Asset Reliability","publisher":{"@id":"https:\/\/vims.pl\/#organization"},"alternateName":"VIMS","potentialAction":[{"@type":"SearchAction","target":{"@type":"EntryPoint","urlTemplate":"https:\/\/vims.pl\/?s={search_term_string}"},"query-input":{"@type":"PropertyValueSpecification","valueRequired":true,"valueName":"search_term_string"}}],"inLanguage":"en-US"},{"@type":"Organization","@id":"https:\/\/vims.pl\/#organization","name":"VIMS - Verified Industrial Maintenance Solutions","alternateName":"VIMS","url":"https:\/\/vims.pl\/","logo":{"@type":"ImageObject","inLanguage":"en-US","@id":"https:\/\/vims.pl\/#\/schema\/logo\/image\/","url":"https:\/\/vims.pl\/wp-content\/uploads\/2024\/01\/vims-logo.png","contentUrl":"https:\/\/vims.pl\/wp-content\/uploads\/2024\/01\/vims-logo.png","width":290,"height":117,"caption":"VIMS - Verified Industrial Maintenance Solutions"},"image":{"@id":"https:\/\/vims.pl\/#\/schema\/logo\/image\/"},"sameAs":["https:\/\/www.facebook.com\/VIMSVerifiedIndustrialMaintenanceSolutions","https:\/\/www.linkedin.com\/company\/18007802\/","https:\/\/www.youtube.com\/channel\/UCnG9WhNr7SKLKpy1yKLa_mw?view_as=subscriber"]}]}},"_links":{"self":[{"href":"https:\/\/vims.pl\/en\/wp-json\/wp\/v2\/product\/68618","targetHints":{"allow":["GET"]}}],"collection":[{"href":"https:\/\/vims.pl\/en\/wp-json\/wp\/v2\/product"}],"about":[{"href":"https:\/\/vims.pl\/en\/wp-json\/wp\/v2\/types\/product"}],"replies":[{"embeddable":true,"href":"https:\/\/vims.pl\/en\/wp-json\/wp\/v2\/comments?post=68618"}],"wp:featuredmedia":[{"embeddable":true,"href":"https:\/\/vims.pl\/en\/wp-json\/wp\/v2\/media\/68598"}],"wp:attachment":[{"href":"https:\/\/vims.pl\/en\/wp-json\/wp\/v2\/media?parent=68618"}],"wp:term":[{"taxonomy":"product_brand","embeddable":true,"href":"https:\/\/vims.pl\/en\/wp-json\/wp\/v2\/product_brand?post=68618"},{"taxonomy":"product_cat","embeddable":true,"href":"https:\/\/vims.pl\/en\/wp-json\/wp\/v2\/product_cat?post=68618"},{"taxonomy":"product_tag","embeddable":true,"href":"https:\/\/vims.pl\/en\/wp-json\/wp\/v2\/product_tag?post=68618"}],"curies":[{"name":"wp","href":"https:\/\/api.w.org\/{rel}","templated":true}]}}