





{"id":63781,"date":"2018-03-15T08:52:06","date_gmt":"2018-03-15T08:52:06","guid":{"rendered":"https:\/\/vims.pl\/?post_type=product&#038;p=63781"},"modified":"2021-12-10T13:28:58","modified_gmt":"2021-12-10T13:28:58","slug":"connectors-for-use-in-cable-assemblies","status":"publish","type":"product","link":"https:\/\/vims.pl\/en\/product\/connectors-for-use-in-cable-assemblies\/","title":{"rendered":"Connectors for use in Cable Assemblies"},"content":{"rendered":"<h1>Connectors for use in Cable Assemblies<\/h1>\n<p>&nbsp;<\/p>\n<p>Accelerometers are available with a variety of different cables. For selection details\u00a0<a href=\"https:\/\/vims.pl\/product\/types-of-industrial-cable\/\">click here<\/a>.<\/p>\n<table border=\"0\" cellspacing=\"0\" cellpadding=\"0\" align=\"center\">\n<tbody>\n<tr>\n<th width=\"25%\"><strong>Part Code<\/strong><\/th>\n<th width=\"50%\"><strong>Product Description<\/strong><\/th>\n<th width=\"25%\"><strong>Image<\/strong><\/th>\n<\/tr>\n<tr>\n<td><strong>HS-AA002-1<\/strong><\/td>\n<td>90\u00ba Bracket with BNC bulkhead socket &amp; dustcap for cabled accelerometers up to \u00d85mm<\/td>\n<td><strong> <a href=\"https:\/\/vims.pl\/wp-content\/uploads\/2017\/04\/HS-AA002-1-1_218x120-1.jpg\"><img decoding=\"async\" class=\"aligncenter size-full wp-image-60441 lazyload\" data-src=\"https:\/\/vims.pl\/wp-content\/uploads\/2017\/04\/HS-AA002-1-1_218x120-1.jpg\" alt=\"\" width=\"218\" height=\"120\" data-srcset=\"https:\/\/vims.pl\/wp-content\/uploads\/2017\/04\/HS-AA002-1-1_218x120-1.jpg 218w, https:\/\/vims.pl\/wp-content\/uploads\/2017\/04\/HS-AA002-1-1_218x120-1-215x118.jpg 215w\" data-sizes=\"(max-width: 218px) 100vw, 218px\" src=\"data:image\/svg+xml;base64,PHN2ZyB3aWR0aD0iMSIgaGVpZ2h0PSIxIiB4bWxucz0iaHR0cDovL3d3dy53My5vcmcvMjAwMC9zdmciPjwvc3ZnPg==\" style=\"--smush-placeholder-width: 218px; --smush-placeholder-aspect-ratio: 218\/120;\" \/><\/a><a href=\"http:\/\/www.hansfordsensors.com\/wp-content\/uploads\/2015\/11\/HS-AA002-1-1.gif\"><br \/>\n<\/a><\/strong><\/td>\n<\/tr>\n<tr>\n<td><strong>HS-AA002-1-2<\/strong><\/td>\n<td>90\u00ba Bracket with 2 x BNC bulkhead socket &amp; 2 x dustcap fitted to cabled accelerometers up to \u00d85mm<\/td>\n<td><strong>\u00a0<a href=\"https:\/\/vims.pl\/wp-content\/uploads\/2017\/04\/HS-AA002-1-2_218x120.jpg\"><img decoding=\"async\" class=\"aligncenter size-full wp-image-60443 lazyload\" data-src=\"https:\/\/vims.pl\/wp-content\/uploads\/2017\/04\/HS-AA002-1-2_218x120.jpg\" alt=\"\" width=\"218\" height=\"120\" data-srcset=\"https:\/\/vims.pl\/wp-content\/uploads\/2017\/04\/HS-AA002-1-2_218x120.jpg 218w, https:\/\/vims.pl\/wp-content\/uploads\/2017\/04\/HS-AA002-1-2_218x120-215x118.jpg 215w\" data-sizes=\"(max-width: 218px) 100vw, 218px\" src=\"data:image\/svg+xml;base64,PHN2ZyB3aWR0aD0iMSIgaGVpZ2h0PSIxIiB4bWxucz0iaHR0cDovL3d3dy53My5vcmcvMjAwMC9zdmciPjwvc3ZnPg==\" style=\"--smush-placeholder-width: 218px; --smush-placeholder-aspect-ratio: 218\/120;\" \/><\/a><a href=\"http:\/\/www.hansfordsensors.com\/wp-content\/uploads\/2015\/11\/HS-AA002-1-1.gif\"><br \/>\n<\/a><\/strong><\/td>\n<\/tr>\n<tr>\n<td><strong>HS-AA002-1-3<\/strong><\/td>\n<td>90\u00ba Bracket with 3 x BNC bulkhead socket &amp; 3 x dustcap fitted to cabled accelerometers up to \u00d85mm<\/td>\n<td><strong>\u00a0<a href=\"https:\/\/vims.pl\/wp-content\/uploads\/2017\/04\/HS-AA002-1-3_218x120.jpg\"><img decoding=\"async\" class=\"aligncenter size-full wp-image-60445 lazyload\" data-src=\"https:\/\/vims.pl\/wp-content\/uploads\/2017\/04\/HS-AA002-1-3_218x120.jpg\" alt=\"\" width=\"218\" height=\"120\" data-srcset=\"https:\/\/vims.pl\/wp-content\/uploads\/2017\/04\/HS-AA002-1-3_218x120.jpg 218w, https:\/\/vims.pl\/wp-content\/uploads\/2017\/04\/HS-AA002-1-3_218x120-215x118.jpg 215w\" data-sizes=\"(max-width: 218px) 100vw, 218px\" src=\"data:image\/svg+xml;base64,PHN2ZyB3aWR0aD0iMSIgaGVpZ2h0PSIxIiB4bWxucz0iaHR0cDovL3d3dy53My5vcmcvMjAwMC9zdmciPjwvc3ZnPg==\" style=\"--smush-placeholder-width: 218px; --smush-placeholder-aspect-ratio: 218\/120;\" \/><\/a><a href=\"http:\/\/www.hansfordsensors.com\/wp-content\/uploads\/2015\/11\/HS-AA002-1-1.gif\"><br \/>\n<\/a><\/strong><\/td>\n<\/tr>\n<tr>\n<td><strong>HS-AA002-2<\/strong><\/td>\n<td>90\u00ba bracket with BNC bulkhead socket &amp; dustcap fitted to cabled accelerometers up to \u00d86.1mm<\/td>\n<td><strong>\u00a0<a href=\"https:\/\/vims.pl\/wp-content\/uploads\/2017\/04\/HS-AA002-1-1_218x120-1.jpg\"><img decoding=\"async\" class=\"aligncenter size-full wp-image-60441 lazyload\" data-src=\"https:\/\/vims.pl\/wp-content\/uploads\/2017\/04\/HS-AA002-1-1_218x120-1.jpg\" alt=\"\" width=\"218\" height=\"120\" data-srcset=\"https:\/\/vims.pl\/wp-content\/uploads\/2017\/04\/HS-AA002-1-1_218x120-1.jpg 218w, https:\/\/vims.pl\/wp-content\/uploads\/2017\/04\/HS-AA002-1-1_218x120-1-215x118.jpg 215w\" data-sizes=\"(max-width: 218px) 100vw, 218px\" src=\"data:image\/svg+xml;base64,PHN2ZyB3aWR0aD0iMSIgaGVpZ2h0PSIxIiB4bWxucz0iaHR0cDovL3d3dy53My5vcmcvMjAwMC9zdmciPjwvc3ZnPg==\" style=\"--smush-placeholder-width: 218px; --smush-placeholder-aspect-ratio: 218\/120;\" \/><\/a><\/strong><strong><a href=\"http:\/\/www.hansfordsensors.com\/wp-content\/uploads\/2015\/11\/HS-AA002-1-1.gif\"><br \/>\n<\/a><\/strong><\/td>\n<\/tr>\n<tr>\n<td><strong>HS-AA004<\/strong><\/td>\n<td>2 Way MS socket cable connector<\/td>\n<td><strong> <a href=\"https:\/\/vims.pl\/wp-content\/uploads\/2018\/03\/3pin-.png\"><img decoding=\"async\" class=\"aligncenter wp-image-63572 lazyload\" data-src=\"https:\/\/vims.pl\/wp-content\/uploads\/2018\/03\/3pin-.png\" alt=\"\" width=\"172\" height=\"140\" data-srcset=\"https:\/\/vims.pl\/wp-content\/uploads\/2018\/03\/3pin-.png 740w, https:\/\/vims.pl\/wp-content\/uploads\/2018\/03\/3pin--215x174.png 215w, https:\/\/vims.pl\/wp-content\/uploads\/2018\/03\/3pin--650x527.png 650w\" data-sizes=\"(max-width: 172px) 100vw, 172px\" src=\"data:image\/svg+xml;base64,PHN2ZyB3aWR0aD0iMSIgaGVpZ2h0PSIxIiB4bWxucz0iaHR0cDovL3d3dy53My5vcmcvMjAwMC9zdmciPjwvc3ZnPg==\" style=\"--smush-placeholder-width: 172px; --smush-placeholder-aspect-ratio: 172\/140;\" \/><\/a><a href=\"http:\/\/www.hansfordsensors.com\/wp-content\/uploads\/2015\/11\/resizedimage14469-HS-AA004-2-Pin-MS-Connector.jpg\"><br \/>\n<\/a><\/strong><\/td>\n<\/tr>\n<tr>\n<td><strong>HS-AA005<\/strong><\/td>\n<td>3 Way MS socket cable connector<\/td>\n<td><strong><a href=\"https:\/\/vims.pl\/wp-content\/uploads\/2018\/03\/3pin-.png\"><img decoding=\"async\" class=\"aligncenter wp-image-63572 lazyload\" data-src=\"https:\/\/vims.pl\/wp-content\/uploads\/2018\/03\/3pin-.png\" alt=\"\" width=\"172\" height=\"140\" data-srcset=\"https:\/\/vims.pl\/wp-content\/uploads\/2018\/03\/3pin-.png 740w, https:\/\/vims.pl\/wp-content\/uploads\/2018\/03\/3pin--215x174.png 215w, https:\/\/vims.pl\/wp-content\/uploads\/2018\/03\/3pin--650x527.png 650w\" data-sizes=\"(max-width: 172px) 100vw, 172px\" src=\"data:image\/svg+xml;base64,PHN2ZyB3aWR0aD0iMSIgaGVpZ2h0PSIxIiB4bWxucz0iaHR0cDovL3d3dy53My5vcmcvMjAwMC9zdmciPjwvc3ZnPg==\" style=\"--smush-placeholder-width: 172px; --smush-placeholder-aspect-ratio: 172\/140;\" \/><\/a><\/strong><strong><a href=\"http:\/\/www.hansfordsensors.com\/wp-content\/uploads\/2015\/11\/resizedimage14469-HS-AA004-2-Pin-MS-Connector.jpg\"><br \/>\n<\/a><\/strong><\/td>\n<\/tr>\n<tr>\n<td><strong>HS-AA006<\/strong><\/td>\n<td>Inline Single-Way Cable Joiner<\/td>\n<td><\/td>\n<\/tr>\n<tr>\n<td><strong>HS-AA009<\/strong><\/td>\n<td>In-line connector adaptor, 2 Pin MS plug \u2013 BNC plug<\/td>\n<td><\/td>\n<\/tr>\n<tr>\n<td><strong>HS-AA010<\/strong><\/td>\n<td>BNC bulkhead socket fitted to cabled accelerometer<\/td>\n<td><strong>\u00a0\u00a0<\/strong><\/td>\n<\/tr>\n<tr>\n<td><strong>HS-AA011<\/strong><\/td>\n<td>3 Pin 62GB socket cable connector<\/td>\n<td><\/td>\n<\/tr>\n<tr>\n<td><strong>HS-AA013<\/strong><\/td>\n<td>TNC plug to BNC jack adaptor<\/td>\n<td><strong>\u00a0\u00a0<\/strong><\/td>\n<\/tr>\n<tr>\n<td><strong>HS-AA014-1<\/strong><\/td>\n<td>BNC plug fitted to cables up to \u00d85mm<\/td>\n<td><strong><a href=\"https:\/\/vims.pl\/wp-content\/uploads\/2018\/03\/tnc.png\"><img decoding=\"async\" class=\"aligncenter wp-image-63601 lazyload\" data-src=\"https:\/\/vims.pl\/wp-content\/uploads\/2018\/03\/tnc.png\" alt=\"\" width=\"197\" height=\"160\" data-srcset=\"https:\/\/vims.pl\/wp-content\/uploads\/2018\/03\/tnc.png 740w, https:\/\/vims.pl\/wp-content\/uploads\/2018\/03\/tnc-215x174.png 215w, https:\/\/vims.pl\/wp-content\/uploads\/2018\/03\/tnc-650x527.png 650w\" data-sizes=\"(max-width: 197px) 100vw, 197px\" src=\"data:image\/svg+xml;base64,PHN2ZyB3aWR0aD0iMSIgaGVpZ2h0PSIxIiB4bWxucz0iaHR0cDovL3d3dy53My5vcmcvMjAwMC9zdmciPjwvc3ZnPg==\" style=\"--smush-placeholder-width: 197px; --smush-placeholder-aspect-ratio: 197\/160;\" \/><\/a><\/strong><\/td>\n<\/tr>\n<tr>\n<td><strong>HS-AA014-2<\/strong><\/td>\n<td>BNC plug fitted to cables up to \u00d86.1mm<\/td>\n<td><strong><a href=\"https:\/\/vims.pl\/wp-content\/uploads\/2018\/03\/tnc.png\"><img decoding=\"async\" class=\"aligncenter wp-image-63601 lazyload\" data-src=\"https:\/\/vims.pl\/wp-content\/uploads\/2018\/03\/tnc.png\" alt=\"\" width=\"197\" height=\"160\" data-srcset=\"https:\/\/vims.pl\/wp-content\/uploads\/2018\/03\/tnc.png 740w, https:\/\/vims.pl\/wp-content\/uploads\/2018\/03\/tnc-215x174.png 215w, https:\/\/vims.pl\/wp-content\/uploads\/2018\/03\/tnc-650x527.png 650w\" data-sizes=\"(max-width: 197px) 100vw, 197px\" src=\"data:image\/svg+xml;base64,PHN2ZyB3aWR0aD0iMSIgaGVpZ2h0PSIxIiB4bWxucz0iaHR0cDovL3d3dy53My5vcmcvMjAwMC9zdmciPjwvc3ZnPg==\" style=\"--smush-placeholder-width: 197px; --smush-placeholder-aspect-ratio: 197\/160;\" \/><\/a><\/strong><\/td>\n<\/tr>\n<tr>\n<td><strong>HS-AA015-1<\/strong><\/td>\n<td>BNC socket fitted to cables up to \u00d85mm<\/td>\n<td><strong>\u00a0\u00a0<\/strong><\/td>\n<\/tr>\n<tr>\n<td><strong>HS-AA015-2<\/strong><\/td>\n<td>BNC socket fitted to cables up to \u00d86.1mm<\/td>\n<td><\/td>\n<\/tr>\n<tr>\n<td><strong>HS-AA016<\/strong><\/td>\n<td>2 Way MS 90\u00ba socket cable connector<\/td>\n<td><strong>\u00a0\u00a0<\/strong><\/td>\n<\/tr>\n<tr>\n<td><strong>HS-AA016-S<\/strong><\/td>\n<td>2 Way MS 90\u00ba socket cable connector with strain relief<\/td>\n<td><\/td>\n<\/tr>\n<tr>\n<td><strong>HS-AA018<\/strong><\/td>\n<td>In-line connector adaptor, 2 Pin MS plug \u2013 BNC socket<\/td>\n<td><\/td>\n<\/tr>\n<tr>\n<td><strong>HS-AA020<\/strong><\/td>\n<td>Microdot bulkhead socket solder connector<\/td>\n<td><strong>\u00a0\u00a0<\/strong><\/td>\n<\/tr>\n<tr>\n<td><strong>HS-AA025<\/strong><\/td>\n<td>Lemo 7 Pin IP67 straight connector<\/td>\n<td><\/td>\n<\/tr>\n<tr>\n<td><strong>HS-AA026<\/strong><\/td>\n<td>2 Way MS plug cable connector<\/td>\n<td><strong> \u00a0<\/strong><\/td>\n<\/tr>\n<tr>\n<td><strong>HS-AA030<\/strong><\/td>\n<td>BNC bulkhead socket to socket adaptor<\/td>\n<td><strong>\u00a0\u00a0<\/strong><\/td>\n<\/tr>\n<tr>\n<td><strong>HS-AA038<\/strong><\/td>\n<td>2 x 90\u00ba bracket with BNC bulkhead socket &amp; dustcap fitted to cabled accelerometers, 1 BNC marked for vibration, 1 BNC marked for temperature, up to \u00d85mm<\/td>\n<td><\/td>\n<\/tr>\n<tr>\n<td><strong>HS-AA040-NSC<\/strong><\/td>\n<td>2 x BNC plugs fitted to cabled accelerometer, 1 BNC markerd for vibration, 1 BNC marked for temperature, accelerometer screen not connected to BNC cases, up to \u00d85mm<\/td>\n<td><\/td>\n<\/tr>\n<tr>\n<td><strong>HS-AA040-SC<\/strong><\/td>\n<td>2 x BNC plugs fitted to cabled accelerometer, 1 BNC markerd for vibration, 1 BNC marked for temperature, accelerometer screen connected to BNC cases, up to \u00d85mm<\/td>\n<td><\/td>\n<\/tr>\n<tr>\n<td><strong>HS-AA053<\/strong><\/td>\n<td>2 Pin MS connector with boot for cables \u00f85.2<br \/>\nconnection details<\/td>\n<td><\/td>\n<\/tr>\n<tr>\n<td><strong>HS-AA054<\/strong><\/td>\n<td>2 Pin MS connector with boot for cables \u00f84.2<br \/>\nconnection details<\/td>\n<td><\/td>\n<\/tr>\n<tr>\n<td><strong>HS-AA058<\/strong><\/td>\n<td>2 Pin MS Socket Plastic Cable Connector<\/td>\n<td><\/td>\n<\/tr>\n<tr>\n<td><strong>HS-AA068<\/strong><\/td>\n<td>3 Pin MS connector with boot for cables \u00f85.2<br \/>\nconnection details<\/td>\n<td><\/td>\n<\/tr>\n<tr>\n<td><strong>HS-AA069<\/strong><\/td>\n<td>3 Pin MS connector with boot for cables \u00f84.2<br \/>\nconnection details<\/td>\n<td><\/td>\n<\/tr>\n<tr>\n<td><strong>HS-AA072<\/strong><\/td>\n<td>TNC Straight Socket for cabled accelerometers<br \/>\nup to \u00d85mm<\/td>\n<td><\/td>\n<\/tr>\n<\/tbody>\n<\/table>\n","protected":false},"excerpt":{"rendered":"<p>Connectors for use in Cable Assemblies &nbsp; Accelerometers are available with a variety of different cables. For selection details\u00a0click here. Part Code Product Description Image HS-AA002-1 90\u00ba Bracket with BNC bulkhead socket &amp; dustcap for cabled accelerometers up to \u00d85mm HS-AA002-1-2 90\u00ba Bracket with 2&#8230;<\/p>\n","protected":false},"featured_media":63774,"comment_status":"closed","ping_status":"closed","template":"","meta":[],"product_brand":[],"product_cat":[267,503],"product_tag":[269],"class_list":{"0":"post-63781","1":"product","2":"type-product","3":"status-publish","4":"has-post-thumbnail","6":"product_cat-vibration","7":"product_cat-connectors","8":"product_tag-hansford-sensors","10":"first","11":"instock","12":"taxable","13":"shipping-taxable","14":"product-type-simple"},"yoast_head":"<!-- This site is optimized with the Yoast SEO plugin v25.6 - https:\/\/yoast.com\/wordpress\/plugins\/seo\/ -->\n<title>Connectors for use in Cable Assemblies | VIMS<\/title>\n<meta name=\"robots\" content=\"index, follow, max-snippet:-1, max-image-preview:large, max-video-preview:-1\" \/>\n<link rel=\"canonical\" href=\"https:\/\/vims.pl\/en\/product\/connectors-for-use-in-cable-assemblies\/\" \/>\n<meta property=\"og:locale\" content=\"en_US\" \/>\n<meta property=\"og:type\" content=\"article\" \/>\n<meta property=\"og:title\" content=\"Connectors for use in Cable Assemblies | VIMS\" \/>\n<meta property=\"og:description\" content=\"Connectors for use in Cable Assemblies &nbsp; Accelerometers are available with a variety of different cables. For selection details\u00a0click here. Part Code Product Description Image HS-AA002-1 90\u00ba Bracket with BNC bulkhead socket &amp; dustcap for cabled accelerometers up to \u00d85mm HS-AA002-1-2 90\u00ba Bracket with 2...\" \/>\n<meta property=\"og:url\" content=\"https:\/\/vims.pl\/en\/product\/connectors-for-use-in-cable-assemblies\/\" \/>\n<meta property=\"og:site_name\" content=\"VIMS\" \/>\n<meta property=\"article:publisher\" content=\"https:\/\/www.facebook.com\/VIMSVerifiedIndustrialMaintenanceSolutions\" \/>\n<meta property=\"article:modified_time\" content=\"2021-12-10T13:28:58+00:00\" \/>\n<meta property=\"og:image\" content=\"https:\/\/vims.pl\/wp-content\/uploads\/2018\/03\/z\u0142\u0105cza-connectors.png\" \/>\n\t<meta property=\"og:image:width\" content=\"740\" \/>\n\t<meta property=\"og:image:height\" content=\"600\" \/>\n\t<meta property=\"og:image:type\" content=\"image\/png\" \/>\n<meta name=\"twitter:card\" content=\"summary_large_image\" \/>\n<meta name=\"twitter:label1\" content=\"Est. reading time\" \/>\n\t<meta name=\"twitter:data1\" content=\"4 minutes\" \/>\n<script type=\"application\/ld+json\" class=\"yoast-schema-graph\">{\"@context\":\"https:\/\/schema.org\",\"@graph\":[{\"@type\":\"WebPage\",\"@id\":\"https:\/\/vims.pl\/en\/product\/connectors-for-use-in-cable-assemblies\/\",\"url\":\"https:\/\/vims.pl\/en\/product\/connectors-for-use-in-cable-assemblies\/\",\"name\":\"Connectors for use in Cable Assemblies | VIMS\",\"isPartOf\":{\"@id\":\"https:\/\/vims.pl\/#website\"},\"primaryImageOfPage\":{\"@id\":\"https:\/\/vims.pl\/en\/product\/connectors-for-use-in-cable-assemblies\/#primaryimage\"},\"image\":{\"@id\":\"https:\/\/vims.pl\/en\/product\/connectors-for-use-in-cable-assemblies\/#primaryimage\"},\"thumbnailUrl\":\"https:\/\/vims.pl\/wp-content\/uploads\/2018\/03\/z\u0142\u0105cza-connectors.png\",\"datePublished\":\"2018-03-15T08:52:06+00:00\",\"dateModified\":\"2021-12-10T13:28:58+00:00\",\"breadcrumb\":{\"@id\":\"https:\/\/vims.pl\/en\/product\/connectors-for-use-in-cable-assemblies\/#breadcrumb\"},\"inLanguage\":\"en-US\",\"potentialAction\":[{\"@type\":\"ReadAction\",\"target\":[\"https:\/\/vims.pl\/en\/product\/connectors-for-use-in-cable-assemblies\/\"]}]},{\"@type\":\"ImageObject\",\"inLanguage\":\"en-US\",\"@id\":\"https:\/\/vims.pl\/en\/product\/connectors-for-use-in-cable-assemblies\/#primaryimage\",\"url\":\"https:\/\/vims.pl\/wp-content\/uploads\/2018\/03\/z\u0142\u0105cza-connectors.png\",\"contentUrl\":\"https:\/\/vims.pl\/wp-content\/uploads\/2018\/03\/z\u0142\u0105cza-connectors.png\",\"width\":740,\"height\":600,\"caption\":\"Z\u0142\u0105cza przemys\u0142owe\"},{\"@type\":\"BreadcrumbList\",\"@id\":\"https:\/\/vims.pl\/en\/product\/connectors-for-use-in-cable-assemblies\/#breadcrumb\",\"itemListElement\":[{\"@type\":\"ListItem\",\"position\":1,\"name\":\"Home\",\"item\":\"https:\/\/vims.pl\/en\/nowy-test\/\"},{\"@type\":\"ListItem\",\"position\":2,\"name\":\"Connectors for use in Cable Assemblies\"}]},{\"@type\":\"WebSite\",\"@id\":\"https:\/\/vims.pl\/#website\",\"url\":\"https:\/\/vims.pl\/\",\"name\":\"VIMS - Verified Industrial Maintenance Solutions\",\"description\":\"Your Next Step in Asset Reliability\",\"publisher\":{\"@id\":\"https:\/\/vims.pl\/#organization\"},\"alternateName\":\"VIMS\",\"potentialAction\":[{\"@type\":\"SearchAction\",\"target\":{\"@type\":\"EntryPoint\",\"urlTemplate\":\"https:\/\/vims.pl\/?s={search_term_string}\"},\"query-input\":{\"@type\":\"PropertyValueSpecification\",\"valueRequired\":true,\"valueName\":\"search_term_string\"}}],\"inLanguage\":\"en-US\"},{\"@type\":\"Organization\",\"@id\":\"https:\/\/vims.pl\/#organization\",\"name\":\"VIMS - Verified Industrial Maintenance Solutions\",\"alternateName\":\"VIMS\",\"url\":\"https:\/\/vims.pl\/\",\"logo\":{\"@type\":\"ImageObject\",\"inLanguage\":\"en-US\",\"@id\":\"https:\/\/vims.pl\/#\/schema\/logo\/image\/\",\"url\":\"https:\/\/vims.pl\/wp-content\/uploads\/2024\/01\/vims-logo.png\",\"contentUrl\":\"https:\/\/vims.pl\/wp-content\/uploads\/2024\/01\/vims-logo.png\",\"width\":290,\"height\":117,\"caption\":\"VIMS - Verified Industrial Maintenance Solutions\"},\"image\":{\"@id\":\"https:\/\/vims.pl\/#\/schema\/logo\/image\/\"},\"sameAs\":[\"https:\/\/www.facebook.com\/VIMSVerifiedIndustrialMaintenanceSolutions\",\"https:\/\/www.linkedin.com\/company\/18007802\/\",\"https:\/\/www.youtube.com\/channel\/UCnG9WhNr7SKLKpy1yKLa_mw?view_as=subscriber\"]}]}<\/script>\n<!-- \/ Yoast SEO plugin. -->","yoast_head_json":{"title":"Connectors for use in Cable Assemblies | VIMS","robots":{"index":"index","follow":"follow","max-snippet":"max-snippet:-1","max-image-preview":"max-image-preview:large","max-video-preview":"max-video-preview:-1"},"canonical":"https:\/\/vims.pl\/en\/product\/connectors-for-use-in-cable-assemblies\/","og_locale":"en_US","og_type":"article","og_title":"Connectors for use in Cable Assemblies | VIMS","og_description":"Connectors for use in Cable Assemblies &nbsp; Accelerometers are available with a variety of different cables. For selection details\u00a0click here. Part Code Product Description Image HS-AA002-1 90\u00ba Bracket with BNC bulkhead socket &amp; dustcap for cabled accelerometers up to \u00d85mm HS-AA002-1-2 90\u00ba Bracket with 2...","og_url":"https:\/\/vims.pl\/en\/product\/connectors-for-use-in-cable-assemblies\/","og_site_name":"VIMS","article_publisher":"https:\/\/www.facebook.com\/VIMSVerifiedIndustrialMaintenanceSolutions","article_modified_time":"2021-12-10T13:28:58+00:00","og_image":[{"width":740,"height":600,"url":"https:\/\/vims.pl\/wp-content\/uploads\/2018\/03\/z\u0142\u0105cza-connectors.png","type":"image\/png"}],"twitter_card":"summary_large_image","twitter_misc":{"Est. reading time":"4 minutes"},"schema":{"@context":"https:\/\/schema.org","@graph":[{"@type":"WebPage","@id":"https:\/\/vims.pl\/en\/product\/connectors-for-use-in-cable-assemblies\/","url":"https:\/\/vims.pl\/en\/product\/connectors-for-use-in-cable-assemblies\/","name":"Connectors for use in Cable Assemblies | VIMS","isPartOf":{"@id":"https:\/\/vims.pl\/#website"},"primaryImageOfPage":{"@id":"https:\/\/vims.pl\/en\/product\/connectors-for-use-in-cable-assemblies\/#primaryimage"},"image":{"@id":"https:\/\/vims.pl\/en\/product\/connectors-for-use-in-cable-assemblies\/#primaryimage"},"thumbnailUrl":"https:\/\/vims.pl\/wp-content\/uploads\/2018\/03\/z\u0142\u0105cza-connectors.png","datePublished":"2018-03-15T08:52:06+00:00","dateModified":"2021-12-10T13:28:58+00:00","breadcrumb":{"@id":"https:\/\/vims.pl\/en\/product\/connectors-for-use-in-cable-assemblies\/#breadcrumb"},"inLanguage":"en-US","potentialAction":[{"@type":"ReadAction","target":["https:\/\/vims.pl\/en\/product\/connectors-for-use-in-cable-assemblies\/"]}]},{"@type":"ImageObject","inLanguage":"en-US","@id":"https:\/\/vims.pl\/en\/product\/connectors-for-use-in-cable-assemblies\/#primaryimage","url":"https:\/\/vims.pl\/wp-content\/uploads\/2018\/03\/z\u0142\u0105cza-connectors.png","contentUrl":"https:\/\/vims.pl\/wp-content\/uploads\/2018\/03\/z\u0142\u0105cza-connectors.png","width":740,"height":600,"caption":"Z\u0142\u0105cza przemys\u0142owe"},{"@type":"BreadcrumbList","@id":"https:\/\/vims.pl\/en\/product\/connectors-for-use-in-cable-assemblies\/#breadcrumb","itemListElement":[{"@type":"ListItem","position":1,"name":"Home","item":"https:\/\/vims.pl\/en\/nowy-test\/"},{"@type":"ListItem","position":2,"name":"Connectors for use in Cable Assemblies"}]},{"@type":"WebSite","@id":"https:\/\/vims.pl\/#website","url":"https:\/\/vims.pl\/","name":"VIMS - Verified Industrial Maintenance Solutions","description":"Your Next Step in Asset Reliability","publisher":{"@id":"https:\/\/vims.pl\/#organization"},"alternateName":"VIMS","potentialAction":[{"@type":"SearchAction","target":{"@type":"EntryPoint","urlTemplate":"https:\/\/vims.pl\/?s={search_term_string}"},"query-input":{"@type":"PropertyValueSpecification","valueRequired":true,"valueName":"search_term_string"}}],"inLanguage":"en-US"},{"@type":"Organization","@id":"https:\/\/vims.pl\/#organization","name":"VIMS - Verified Industrial Maintenance Solutions","alternateName":"VIMS","url":"https:\/\/vims.pl\/","logo":{"@type":"ImageObject","inLanguage":"en-US","@id":"https:\/\/vims.pl\/#\/schema\/logo\/image\/","url":"https:\/\/vims.pl\/wp-content\/uploads\/2024\/01\/vims-logo.png","contentUrl":"https:\/\/vims.pl\/wp-content\/uploads\/2024\/01\/vims-logo.png","width":290,"height":117,"caption":"VIMS - Verified Industrial Maintenance Solutions"},"image":{"@id":"https:\/\/vims.pl\/#\/schema\/logo\/image\/"},"sameAs":["https:\/\/www.facebook.com\/VIMSVerifiedIndustrialMaintenanceSolutions","https:\/\/www.linkedin.com\/company\/18007802\/","https:\/\/www.youtube.com\/channel\/UCnG9WhNr7SKLKpy1yKLa_mw?view_as=subscriber"]}]}},"_links":{"self":[{"href":"https:\/\/vims.pl\/en\/wp-json\/wp\/v2\/product\/63781","targetHints":{"allow":["GET"]}}],"collection":[{"href":"https:\/\/vims.pl\/en\/wp-json\/wp\/v2\/product"}],"about":[{"href":"https:\/\/vims.pl\/en\/wp-json\/wp\/v2\/types\/product"}],"replies":[{"embeddable":true,"href":"https:\/\/vims.pl\/en\/wp-json\/wp\/v2\/comments?post=63781"}],"wp:featuredmedia":[{"embeddable":true,"href":"https:\/\/vims.pl\/en\/wp-json\/wp\/v2\/media\/63774"}],"wp:attachment":[{"href":"https:\/\/vims.pl\/en\/wp-json\/wp\/v2\/media?parent=63781"}],"wp:term":[{"taxonomy":"product_brand","embeddable":true,"href":"https:\/\/vims.pl\/en\/wp-json\/wp\/v2\/product_brand?post=63781"},{"taxonomy":"product_cat","embeddable":true,"href":"https:\/\/vims.pl\/en\/wp-json\/wp\/v2\/product_cat?post=63781"},{"taxonomy":"product_tag","embeddable":true,"href":"https:\/\/vims.pl\/en\/wp-json\/wp\/v2\/product_tag?post=63781"}],"curies":[{"name":"wp","href":"https:\/\/api.w.org\/{rel}","templated":true}]}}