





{"id":58734,"date":"2017-01-08T19:25:18","date_gmt":"2017-01-08T19:25:18","guid":{"rendered":"https:\/\/vims.pl\/product\/a4900-vibrio-m\/"},"modified":"2023-03-22T14:07:09","modified_gmt":"2023-03-22T14:07:09","slug":"vibrio-ms","status":"publish","type":"product","link":"https:\/\/vims.pl\/en\/product\/vibrio-ms\/","title":{"rendered":"A4900 &#8211; Vibrio M Vibration meter, analyzer and data collector in one"},"content":{"rendered":"<h1>A4900 Vibrio M &#8211; Vibration meter, analyzer and data collector in one<\/h1>\n<p>&nbsp;<\/p>\n<p>&nbsp;<\/p>\n<p>The <strong>A4900 Vibrio M<\/strong> is a vibration meter, data collector and analyzer. It is supplied as a complete system including quality piezoelectric sensor, magnet and coiled cable for industrial use. The A4900 &#8211; Vibrio M instrument allows you to perform all basic vibro-diagnostics measurements. It is equipped with 4 MB of memory for data storage. Data memory allows you to perform off-route and route measurements (the instrument without memory feature is still available for lower price). The professional software DDS for Vibrio M can be downloaded from the Adash website free of charge. Adash expert system for automatic machine fault detection is included.<\/p>\n<p>&nbsp;<\/p>\n<p>&nbsp;<\/p>\n<h2><strong>Key features:<\/strong><\/h2>\n<div class='q_list circle circle_number normal animate_list' ><\/div>\n<ul>\n<li>All basic vibrodiagnostics measurements: Overall values, Time signal, Frequency bands, FFT Spectrum, Route measurement<\/li>\n<li>4 MB memory for data storage<\/li>\n<li>detects unbalance, loosenes, misalignment or bearing faults<\/li>\n<li>ISO 10816-3 included<\/li>\n<li>16 hours of operation<\/li>\n<li>stroboscope LED-lamp for machine check<\/li>\n<li>available in intrinsically safe version A4900 Vibrio M Ex<\/li>\n<\/ul>\n<p><a href=\"https:\/\/vims.pl\/wp-content\/uploads\/2017\/01\/vibrio.jpg\"><img decoding=\"async\" class=\"aligncenter wp-image-70698 lazyload\" data-src=\"https:\/\/vims.pl\/wp-content\/uploads\/2017\/01\/vibrio.jpg\" alt=\"\" width=\"529\" height=\"429\" data-srcset=\"https:\/\/vims.pl\/wp-content\/uploads\/2017\/01\/vibrio.jpg 740w, https:\/\/vims.pl\/wp-content\/uploads\/2017\/01\/vibrio-250x203.jpg 250w, https:\/\/vims.pl\/wp-content\/uploads\/2017\/01\/vibrio-650x527.jpg 650w, https:\/\/vims.pl\/wp-content\/uploads\/2017\/01\/vibrio-300x243.jpg 300w, https:\/\/vims.pl\/wp-content\/uploads\/2017\/01\/vibrio-700x568.jpg 700w, https:\/\/vims.pl\/wp-content\/uploads\/2017\/01\/vibrio-215x174.jpg 215w\" data-sizes=\"(max-width: 529px) 100vw, 529px\" src=\"data:image\/svg+xml;base64,PHN2ZyB3aWR0aD0iMSIgaGVpZ2h0PSIxIiB4bWxucz0iaHR0cDovL3d3dy53My5vcmcvMjAwMC9zdmciPjwvc3ZnPg==\" style=\"--smush-placeholder-width: 529px; --smush-placeholder-aspect-ratio: 529\/429;\" \/><\/a><\/p>\n<p>&nbsp;<\/p>\n<h3>MEASUREMENTS:<\/h3>\n<ul>\n<li>ISO value [mm\/s, ips]<\/li>\n<li>Bearing value [g]<\/li>\n<li>ISO 10816-3 included<\/li>\n<li>Automatic speed detection<\/li>\n<\/ul>\n<p>&nbsp;<\/p>\n<p>&nbsp;<\/p>\n<h3>EXPERT SYSTEM:<\/h3>\n<p>Enables automatic machine fault detection on site.<\/p>\n<p>&nbsp;<\/p>\n<p>&nbsp;<\/p>\n<h3>SIMPLE TO USE:<\/h3>\n<ul>\n<li>Three button operation<\/li>\n<li>All functions are predefined<\/li>\n<li>Expert functions for fault detection<\/li>\n<li>Colour graphic display<\/li>\n<\/ul>\n<p>&nbsp;<\/p>\n<p>&nbsp;<\/p>\n<h3>TOP PANEL:<\/h3>\n<ul>\n<li>ACC ICP\u00ae &#8211; sensor input<\/li>\n<li>IR non-contact temperature sensor<\/li>\n<li>LED stroboscope<\/li>\n<li>Stethoscope output<\/li>\n<li>USB-C for data transfer<\/li>\n<\/ul>\n<p>&nbsp;<\/p>\n<p>&nbsp;<\/p>\n<h3>INDUSTRIAL DESIGN:<\/h3>\n<ul>\n<li>Heavy-Duty aluminium case<\/li>\n<li>Rechargeable Li-Ion battery<\/li>\n<li>16 hours of operation<\/li>\n<\/ul>\n<p>&nbsp;<\/p>\n<p>&nbsp;<\/p>\n<h2 class=\"va3-section-title slide-from-down paddingtopmenu slide-from-down-class\">VIBRIO MS + FREE DDS SOFTWARE<\/h2>\n<p class=\"section-subtitle paddingtop15 slide-from-down slide-from-down-class\">Free trending and data analysis software<\/p>\n<p>&nbsp;<\/p>\n<p><img decoding=\"async\" data-src=\"https:\/\/adash.com\/img\/products\/A4900\/2019\/dds-screen-2.jpg\" width=\"522\" height=\"283\" src=\"data:image\/svg+xml;base64,PHN2ZyB3aWR0aD0iMSIgaGVpZ2h0PSIxIiB4bWxucz0iaHR0cDovL3d3dy53My5vcmcvMjAwMC9zdmciPjwvc3ZnPg==\" class=\"lazyload\" style=\"--smush-placeholder-width: 522px; --smush-placeholder-aspect-ratio: 522\/283;\" \/><\/p>\n<h3><\/h3>\n<h3 class=\"bigger-white nomarginbottom\">Collect &amp; Import<\/h3>\n<p class=\"normal-white margintop5\">Vibrio MS along with <a href=\"https:\/\/vims.pl\/en\/product\/dds-software-basic\/\">free DDS software<\/a> is the easiest start of your predictive maintenance program based on machinery condition.<\/p>\n<p class=\"normal-white margintop5\">Collect the data with Vibrio MS regularly and import them into DDS software. Follow vibration trends and observe actual condition of your machines.<\/p>\n<p>&nbsp;<\/p>\n<p>&nbsp;<\/p>\n<p>&nbsp;<\/p>\n<p><iframe title=\"YouTube video player\" data-src=\"https:\/\/www.youtube.com\/embed\/Socn-q0in3c\" width=\"560\" height=\"315\" frameborder=\"0\" allowfullscreen=\"allowfullscreen\" src=\"data:image\/svg+xml;base64,PHN2ZyB3aWR0aD0iMSIgaGVpZ2h0PSIxIiB4bWxucz0iaHR0cDovL3d3dy53My5vcmcvMjAwMC9zdmciPjwvc3ZnPg==\" class=\"lazyload\" data-load-mode=\"1\"><\/iframe><\/p>\n","protected":false},"excerpt":{"rendered":"<p><a class=\"short-desc\" href=\"https:\/\/vims.pl\/wp-content\/uploads\/2022\/08\/ADASH_A4900_Vibrio_M_DATASHEET-NEW-1.pdf\" target=\"_blank\" rel=\"noopener noreferrer\">DATASHEET<\/a><br \/>\n<a class=\"short-desc\" href=\"https:\/\/vims.pl\/wp-content\/uploads\/2022\/08\/ADASH_A4900_Vibrio_M_MANUAL-NEW.pdf\" target=\"_blank\" rel=\"noopener noreferrer\">MANUAL<\/a><\/p>\n","protected":false},"featured_media":70351,"comment_status":"open","ping_status":"closed","template":"","meta":[],"product_brand":[],"product_cat":[280],"product_tag":[268],"class_list":{"0":"post-58734","1":"product","2":"type-product","3":"status-publish","4":"has-post-thumbnail","6":"product_cat-handheld-units","7":"product_tag-adash","9":"first","10":"instock","11":"featured","12":"taxable","13":"shipping-taxable","14":"product-type-simple"},"yoast_head":"<!-- This site is optimized with the Yoast SEO plugin v25.6 - https:\/\/yoast.com\/wordpress\/plugins\/seo\/ -->\n<title>Vibration meter, analyzer and data collector in one | Adash<\/title>\n<meta name=\"description\" content=\"The A4900 Vibrio MS is a vibration meter, data collector and analyzer. It is supplied as a complete system including quality piezoelectric sensor, magnet and coiled cable for industrial use. The A4900 - Vibrio MS instrument allows you to perform all basic vibro-diagnostics measurements.\" \/>\n<meta name=\"robots\" content=\"index, follow, max-snippet:-1, max-image-preview:large, max-video-preview:-1\" \/>\n<link rel=\"canonical\" href=\"https:\/\/vims.pl\/en\/product\/vibrio-ms\/\" \/>\n<meta property=\"og:locale\" content=\"en_US\" \/>\n<meta property=\"og:type\" content=\"article\" \/>\n<meta property=\"og:title\" content=\"Vibration meter, analyzer and data collector in one | Adash\" \/>\n<meta property=\"og:description\" content=\"The A4900 Vibrio MS is a vibration meter, data collector and analyzer. It is supplied as a complete system including quality piezoelectric sensor, magnet and coiled cable for industrial use. The A4900 - Vibrio MS instrument allows you to perform all basic vibro-diagnostics measurements.\" \/>\n<meta property=\"og:url\" content=\"https:\/\/vims.pl\/en\/product\/vibrio-ms\/\" \/>\n<meta property=\"og:site_name\" content=\"VIMS\" \/>\n<meta property=\"article:publisher\" content=\"https:\/\/www.facebook.com\/VIMSVerifiedIndustrialMaintenanceSolutions\" \/>\n<meta property=\"article:modified_time\" content=\"2023-03-22T14:07:09+00:00\" \/>\n<meta property=\"og:image\" content=\"https:\/\/vims.pl\/wp-content\/uploads\/2022\/08\/Adash-Vibrio-M-NEW.jpg\" \/>\n\t<meta property=\"og:image:width\" content=\"740\" \/>\n\t<meta property=\"og:image:height\" content=\"600\" \/>\n\t<meta property=\"og:image:type\" content=\"image\/jpeg\" \/>\n<meta name=\"twitter:card\" content=\"summary_large_image\" \/>\n<meta name=\"twitter:label1\" content=\"Est. reading time\" \/>\n\t<meta name=\"twitter:data1\" content=\"2 minutes\" \/>\n<script type=\"application\/ld+json\" class=\"yoast-schema-graph\">{\"@context\":\"https:\/\/schema.org\",\"@graph\":[{\"@type\":\"WebPage\",\"@id\":\"https:\/\/vims.pl\/en\/product\/vibrio-ms\/\",\"url\":\"https:\/\/vims.pl\/en\/product\/vibrio-ms\/\",\"name\":\"Vibration meter, analyzer and data collector in one | Adash\",\"isPartOf\":{\"@id\":\"https:\/\/vims.pl\/#website\"},\"primaryImageOfPage\":{\"@id\":\"https:\/\/vims.pl\/en\/product\/vibrio-ms\/#primaryimage\"},\"image\":{\"@id\":\"https:\/\/vims.pl\/en\/product\/vibrio-ms\/#primaryimage\"},\"thumbnailUrl\":\"https:\/\/vims.pl\/wp-content\/uploads\/2022\/08\/Adash-Vibrio-M-NEW.jpg\",\"datePublished\":\"2017-01-08T19:25:18+00:00\",\"dateModified\":\"2023-03-22T14:07:09+00:00\",\"description\":\"The A4900 Vibrio MS is a vibration meter, data collector and analyzer. It is supplied as a complete system including quality piezoelectric sensor, magnet and coiled cable for industrial use. The A4900 - Vibrio MS instrument allows you to perform all basic vibro-diagnostics measurements.\",\"breadcrumb\":{\"@id\":\"https:\/\/vims.pl\/en\/product\/vibrio-ms\/#breadcrumb\"},\"inLanguage\":\"en-US\",\"potentialAction\":[{\"@type\":\"ReadAction\",\"target\":[\"https:\/\/vims.pl\/en\/product\/vibrio-ms\/\"]}]},{\"@type\":\"ImageObject\",\"inLanguage\":\"en-US\",\"@id\":\"https:\/\/vims.pl\/en\/product\/vibrio-ms\/#primaryimage\",\"url\":\"https:\/\/vims.pl\/wp-content\/uploads\/2022\/08\/Adash-Vibrio-M-NEW.jpg\",\"contentUrl\":\"https:\/\/vims.pl\/wp-content\/uploads\/2022\/08\/Adash-Vibrio-M-NEW.jpg\",\"width\":740,\"height\":600,\"caption\":\"miernik drga\u0144, analizator drga\u0144, Adash Vibrio M do pomiaru drga\u0144\"},{\"@type\":\"BreadcrumbList\",\"@id\":\"https:\/\/vims.pl\/en\/product\/vibrio-ms\/#breadcrumb\",\"itemListElement\":[{\"@type\":\"ListItem\",\"position\":1,\"name\":\"Home\",\"item\":\"https:\/\/vims.pl\/en\/nowy-test\/\"},{\"@type\":\"ListItem\",\"position\":2,\"name\":\"A4900 &#8211; Vibrio M Vibration meter, analyzer and data collector in one\"}]},{\"@type\":\"WebSite\",\"@id\":\"https:\/\/vims.pl\/#website\",\"url\":\"https:\/\/vims.pl\/\",\"name\":\"VIMS - Verified Industrial Maintenance Solutions\",\"description\":\"Your Next Step in Asset Reliability\",\"publisher\":{\"@id\":\"https:\/\/vims.pl\/#organization\"},\"alternateName\":\"VIMS\",\"potentialAction\":[{\"@type\":\"SearchAction\",\"target\":{\"@type\":\"EntryPoint\",\"urlTemplate\":\"https:\/\/vims.pl\/?s={search_term_string}\"},\"query-input\":{\"@type\":\"PropertyValueSpecification\",\"valueRequired\":true,\"valueName\":\"search_term_string\"}}],\"inLanguage\":\"en-US\"},{\"@type\":\"Organization\",\"@id\":\"https:\/\/vims.pl\/#organization\",\"name\":\"VIMS - Verified Industrial Maintenance Solutions\",\"alternateName\":\"VIMS\",\"url\":\"https:\/\/vims.pl\/\",\"logo\":{\"@type\":\"ImageObject\",\"inLanguage\":\"en-US\",\"@id\":\"https:\/\/vims.pl\/#\/schema\/logo\/image\/\",\"url\":\"https:\/\/vims.pl\/wp-content\/uploads\/2024\/01\/vims-logo.png\",\"contentUrl\":\"https:\/\/vims.pl\/wp-content\/uploads\/2024\/01\/vims-logo.png\",\"width\":290,\"height\":117,\"caption\":\"VIMS - Verified Industrial Maintenance Solutions\"},\"image\":{\"@id\":\"https:\/\/vims.pl\/#\/schema\/logo\/image\/\"},\"sameAs\":[\"https:\/\/www.facebook.com\/VIMSVerifiedIndustrialMaintenanceSolutions\",\"https:\/\/www.linkedin.com\/company\/18007802\/\",\"https:\/\/www.youtube.com\/channel\/UCnG9WhNr7SKLKpy1yKLa_mw?view_as=subscriber\"]}]}<\/script>\n<!-- \/ Yoast SEO plugin. -->","yoast_head_json":{"title":"Vibration meter, analyzer and data collector in one | Adash","description":"The A4900 Vibrio MS is a vibration meter, data collector and analyzer. It is supplied as a complete system including quality piezoelectric sensor, magnet and coiled cable for industrial use. The A4900 - Vibrio MS instrument allows you to perform all basic vibro-diagnostics measurements.","robots":{"index":"index","follow":"follow","max-snippet":"max-snippet:-1","max-image-preview":"max-image-preview:large","max-video-preview":"max-video-preview:-1"},"canonical":"https:\/\/vims.pl\/en\/product\/vibrio-ms\/","og_locale":"en_US","og_type":"article","og_title":"Vibration meter, analyzer and data collector in one | Adash","og_description":"The A4900 Vibrio MS is a vibration meter, data collector and analyzer. It is supplied as a complete system including quality piezoelectric sensor, magnet and coiled cable for industrial use. The A4900 - Vibrio MS instrument allows you to perform all basic vibro-diagnostics measurements.","og_url":"https:\/\/vims.pl\/en\/product\/vibrio-ms\/","og_site_name":"VIMS","article_publisher":"https:\/\/www.facebook.com\/VIMSVerifiedIndustrialMaintenanceSolutions","article_modified_time":"2023-03-22T14:07:09+00:00","og_image":[{"width":740,"height":600,"url":"https:\/\/vims.pl\/wp-content\/uploads\/2022\/08\/Adash-Vibrio-M-NEW.jpg","type":"image\/jpeg"}],"twitter_card":"summary_large_image","twitter_misc":{"Est. reading time":"2 minutes"},"schema":{"@context":"https:\/\/schema.org","@graph":[{"@type":"WebPage","@id":"https:\/\/vims.pl\/en\/product\/vibrio-ms\/","url":"https:\/\/vims.pl\/en\/product\/vibrio-ms\/","name":"Vibration meter, analyzer and data collector in one | Adash","isPartOf":{"@id":"https:\/\/vims.pl\/#website"},"primaryImageOfPage":{"@id":"https:\/\/vims.pl\/en\/product\/vibrio-ms\/#primaryimage"},"image":{"@id":"https:\/\/vims.pl\/en\/product\/vibrio-ms\/#primaryimage"},"thumbnailUrl":"https:\/\/vims.pl\/wp-content\/uploads\/2022\/08\/Adash-Vibrio-M-NEW.jpg","datePublished":"2017-01-08T19:25:18+00:00","dateModified":"2023-03-22T14:07:09+00:00","description":"The A4900 Vibrio MS is a vibration meter, data collector and analyzer. It is supplied as a complete system including quality piezoelectric sensor, magnet and coiled cable for industrial use. The A4900 - Vibrio MS instrument allows you to perform all basic vibro-diagnostics measurements.","breadcrumb":{"@id":"https:\/\/vims.pl\/en\/product\/vibrio-ms\/#breadcrumb"},"inLanguage":"en-US","potentialAction":[{"@type":"ReadAction","target":["https:\/\/vims.pl\/en\/product\/vibrio-ms\/"]}]},{"@type":"ImageObject","inLanguage":"en-US","@id":"https:\/\/vims.pl\/en\/product\/vibrio-ms\/#primaryimage","url":"https:\/\/vims.pl\/wp-content\/uploads\/2022\/08\/Adash-Vibrio-M-NEW.jpg","contentUrl":"https:\/\/vims.pl\/wp-content\/uploads\/2022\/08\/Adash-Vibrio-M-NEW.jpg","width":740,"height":600,"caption":"miernik drga\u0144, analizator drga\u0144, Adash Vibrio M do pomiaru drga\u0144"},{"@type":"BreadcrumbList","@id":"https:\/\/vims.pl\/en\/product\/vibrio-ms\/#breadcrumb","itemListElement":[{"@type":"ListItem","position":1,"name":"Home","item":"https:\/\/vims.pl\/en\/nowy-test\/"},{"@type":"ListItem","position":2,"name":"A4900 &#8211; Vibrio M Vibration meter, analyzer and data collector in one"}]},{"@type":"WebSite","@id":"https:\/\/vims.pl\/#website","url":"https:\/\/vims.pl\/","name":"VIMS - Verified Industrial Maintenance Solutions","description":"Your Next Step in Asset Reliability","publisher":{"@id":"https:\/\/vims.pl\/#organization"},"alternateName":"VIMS","potentialAction":[{"@type":"SearchAction","target":{"@type":"EntryPoint","urlTemplate":"https:\/\/vims.pl\/?s={search_term_string}"},"query-input":{"@type":"PropertyValueSpecification","valueRequired":true,"valueName":"search_term_string"}}],"inLanguage":"en-US"},{"@type":"Organization","@id":"https:\/\/vims.pl\/#organization","name":"VIMS - Verified Industrial Maintenance Solutions","alternateName":"VIMS","url":"https:\/\/vims.pl\/","logo":{"@type":"ImageObject","inLanguage":"en-US","@id":"https:\/\/vims.pl\/#\/schema\/logo\/image\/","url":"https:\/\/vims.pl\/wp-content\/uploads\/2024\/01\/vims-logo.png","contentUrl":"https:\/\/vims.pl\/wp-content\/uploads\/2024\/01\/vims-logo.png","width":290,"height":117,"caption":"VIMS - Verified Industrial Maintenance Solutions"},"image":{"@id":"https:\/\/vims.pl\/#\/schema\/logo\/image\/"},"sameAs":["https:\/\/www.facebook.com\/VIMSVerifiedIndustrialMaintenanceSolutions","https:\/\/www.linkedin.com\/company\/18007802\/","https:\/\/www.youtube.com\/channel\/UCnG9WhNr7SKLKpy1yKLa_mw?view_as=subscriber"]}]}},"_links":{"self":[{"href":"https:\/\/vims.pl\/en\/wp-json\/wp\/v2\/product\/58734","targetHints":{"allow":["GET"]}}],"collection":[{"href":"https:\/\/vims.pl\/en\/wp-json\/wp\/v2\/product"}],"about":[{"href":"https:\/\/vims.pl\/en\/wp-json\/wp\/v2\/types\/product"}],"replies":[{"embeddable":true,"href":"https:\/\/vims.pl\/en\/wp-json\/wp\/v2\/comments?post=58734"}],"wp:featuredmedia":[{"embeddable":true,"href":"https:\/\/vims.pl\/en\/wp-json\/wp\/v2\/media\/70351"}],"wp:attachment":[{"href":"https:\/\/vims.pl\/en\/wp-json\/wp\/v2\/media?parent=58734"}],"wp:term":[{"taxonomy":"product_brand","embeddable":true,"href":"https:\/\/vims.pl\/en\/wp-json\/wp\/v2\/product_brand?post=58734"},{"taxonomy":"product_cat","embeddable":true,"href":"https:\/\/vims.pl\/en\/wp-json\/wp\/v2\/product_cat?post=58734"},{"taxonomy":"product_tag","embeddable":true,"href":"https:\/\/vims.pl\/en\/wp-json\/wp\/v2\/product_tag?post=58734"}],"curies":[{"name":"wp","href":"https:\/\/api.w.org\/{rel}","templated":true}]}}